{"id":6349,"date":"2023-08-21T17:11:48","date_gmt":"2023-08-21T17:11:48","guid":{"rendered":"http:\/\/solarispower.com\/yachtbau\/"},"modified":"2025-05-27T10:17:18","modified_gmt":"2025-05-27T10:17:18","slug":"yachtbau","status":"publish","type":"page","link":"https:\/\/www.solarispower.com\/de\/yachtbau","title":{"rendered":"Yachtbau"},"content":{"rendered":"\t\t<div data-elementor-type=\"wp-page\" data-elementor-id=\"6349\" class=\"elementor elementor-6349 elementor-33\" data-elementor-post-type=\"page\">\n\t\t\t\t<div class=\"elementor-element elementor-element-599b43d e-con-full e-flex e-con e-parent\" data-id=\"599b43d\" data-element_type=\"container\" data-e-type=\"container\" data-settings=\"{&quot;background_background&quot;:&quot;classic&quot;}\">\n\t\t\t\t<div class=\"elementor-element elementor-element-57a68ba elementor-widget elementor-widget-heading\" data-id=\"57a68ba\" data-element_type=\"widget\" data-e-type=\"widget\" data-widget_type=\"heading.default\">\n\t\t\t\t<div class=\"elementor-widget-container\">\n\t\t\t\t\t<h2 class=\"elementor-heading-title elementor-size-default\">Yachting Exzellenz<\/h2>\t\t\t\t<\/div>\n\t\t\t\t<\/div>\n\t\t\t\t<div class=\"elementor-element elementor-element-dc2eb00 elementor-widget elementor-widget-heading\" data-id=\"dc2eb00\" data-element_type=\"widget\" data-e-type=\"widget\" data-widget_type=\"heading.default\">\n\t\t\t\t<div class=\"elementor-widget-container\">\n\t\t\t\t\t<h2 class=\"elementor-heading-title elementor-size-default\">Seit 1974<\/h2>\t\t\t\t<\/div>\n\t\t\t\t<\/div>\n\t\t\t\t<\/div>\n\t\t<div class=\"elementor-element elementor-element-1680cb1 e-flex e-con-boxed e-con e-parent\" data-id=\"1680cb1\" data-element_type=\"container\" data-e-type=\"container\" data-settings=\"{&quot;background_background&quot;:&quot;classic&quot;}\">\n\t\t\t\t\t<div class=\"e-con-inner\">\n\t\t\t\t<div class=\"elementor-element elementor-element-7c405ef elementor-widget__width-initial elementor-widget elementor-widget-heading\" data-id=\"7c405ef\" data-element_type=\"widget\" data-e-type=\"widget\" data-widget_type=\"heading.default\">\n\t\t\t\t<div class=\"elementor-widget-container\">\n\t\t\t\t\t<h2 class=\"elementor-heading-title elementor-size-default\">Solaris Yachtbau<br>seit 1974 Qualit\u00e4t, Seeg\u00e4ngigkeit und Eleganz<\/h2>\t\t\t\t<\/div>\n\t\t\t\t<\/div>\n\t\t\t\t\t<\/div>\n\t\t\t\t<\/div>\n\t\t<div class=\"elementor-element elementor-element-2559245 e-flex e-con-boxed e-con e-parent\" data-id=\"2559245\" data-element_type=\"container\" data-e-type=\"container\" data-settings=\"{&quot;background_background&quot;:&quot;classic&quot;}\">\n\t\t\t\t\t<div class=\"e-con-inner\">\n\t\t<div class=\"elementor-element elementor-element-965a25b e-con-full e-flex elementor-invisible e-con e-child\" data-id=\"965a25b\" data-element_type=\"container\" data-e-type=\"container\" data-settings=\"{&quot;background_background&quot;:&quot;classic&quot;,&quot;animation&quot;:&quot;fadeInLeft&quot;,&quot;animation_delay&quot;:1000}\">\n\t\t\t\t<div class=\"elementor-element elementor-element-fafb409 elementor-widget elementor-widget-text-editor\" data-id=\"fafb409\" data-element_type=\"widget\" data-e-type=\"widget\" data-widget_type=\"text-editor.default\">\n\t\t\t\t<div class=\"elementor-widget-container\">\n\t\t\t\t\t\t\t\t\t<p>Der Ruf der Solaris-Werft ist im deutschsprachigen Raum besser bekannt als in Italien.Seit Beginn des Unternehmens ist die Philosophie der Werft, seet\u00fcchtige, solide und sichere Segelboote auf h\u00f6chstem Qualit\u00e4tsniveau zu bauen.<br>Daraus resultiert das Motto der Werft: &#8222;Built for Sailors&#8220;.<\/p><p><span style=\"color: var( --e-global-color-text ); font-family: var( --e-global-typography-text-font-family ), Sans-serif; font-size: var( --e-global-typography-text-font-size ); font-weight: var( --e-global-typography-text-font-weight ); background-color: var( --e-global-color-primary );\">Heute ist Solaris in Europa f\u00fchrend in der Kategorie der Segelboote der Spitzenklasse von 50&#8242; bis 110&#8242;.&nbsp;<\/span><span style=\"color: var( --e-global-color-text ); font-family: var( --e-global-typography-text-font-family ), Sans-serif; font-size: var( --e-global-typography-text-font-size ); font-weight: var( --e-global-typography-text-font-weight ); background-color: var( --e-global-color-primary );\">Seit 2008 betreibt Solaris auch ein Werk f\u00fcr Motoryachten von 44 bis 100 Fuss. Unter anderen wurden f\u00fcnf 90-Fuss-Luxus-Verdr\u00e4ngermotoryachten f\u00fcr eine international bekannte Marke gebaut und erfolgreich ausgeliefert. Diese Werft ist nun der Erbauer der neuen Solaris Power Yachten, die auch den hohen Qualit\u00e4tsstandards der Solaris Segelyachten gerecht wird.<\/span><\/p>\t\t\t\t\t\t\t\t<\/div>\n\t\t\t\t<\/div>\n\t\t\t\t<\/div>\n\t\t<div class=\"elementor-element elementor-element-e773d31 e-con-full e-flex elementor-invisible e-con e-child\" data-id=\"e773d31\" data-element_type=\"container\" data-e-type=\"container\" data-settings=\"{&quot;background_background&quot;:&quot;classic&quot;,&quot;animation&quot;:&quot;fadeInRight&quot;}\">\n\t\t\t\t<div class=\"elementor-element elementor-element-e98f21e elementor-widget elementor-widget-image\" data-id=\"e98f21e\" data-element_type=\"widget\" data-e-type=\"widget\" data-widget_type=\"image.default\">\n\t\t\t\t<div class=\"elementor-widget-container\">\n\t\t\t\t\t\t\t\t\t\t\t\t\t\t\t<img fetchpriority=\"high\" decoding=\"async\" width=\"1080\" height=\"960\" src=\"https:\/\/www.solarispower.com\/wp-content\/uploads\/2023\/08\/yard-01.jpg\" class=\"attachment-full size-full wp-image-3576\" alt=\"\" srcset=\"https:\/\/www.solarispower.com\/wp-content\/uploads\/2023\/08\/yard-01.jpg 1080w, https:\/\/www.solarispower.com\/wp-content\/uploads\/2023\/08\/yard-01-300x267.jpg 300w, https:\/\/www.solarispower.com\/wp-content\/uploads\/2023\/08\/yard-01-1024x910.jpg 1024w, https:\/\/www.solarispower.com\/wp-content\/uploads\/2023\/08\/yard-01-768x683.jpg 768w\" sizes=\"(max-width: 1080px) 100vw, 1080px\" \/>\t\t\t\t\t\t\t\t\t\t\t\t\t\t\t<\/div>\n\t\t\t\t<\/div>\n\t\t\t\t<\/div>\n\t\t\t\t\t<\/div>\n\t\t\t\t<\/div>\n\t\t<div class=\"elementor-element elementor-element-da2f882 e-flex e-con-boxed e-con e-parent\" data-id=\"da2f882\" data-element_type=\"container\" data-e-type=\"container\" data-settings=\"{&quot;background_background&quot;:&quot;classic&quot;}\">\n\t\t\t\t\t<div class=\"e-con-inner\">\n\t\t<div class=\"elementor-element elementor-element-b9bcd01 e-con-full e-flex elementor-invisible e-con e-child\" data-id=\"b9bcd01\" data-element_type=\"container\" data-e-type=\"container\" data-settings=\"{&quot;background_background&quot;:&quot;classic&quot;,&quot;animation&quot;:&quot;fadeInLeft&quot;}\">\n\t\t\t\t<div class=\"elementor-element elementor-element-fbefc93 elementor-widget elementor-widget-image\" data-id=\"fbefc93\" data-element_type=\"widget\" data-e-type=\"widget\" data-widget_type=\"image.default\">\n\t\t\t\t<div class=\"elementor-widget-container\">\n\t\t\t\t\t\t\t\t\t\t\t\t\t\t\t<img decoding=\"async\" width=\"1200\" height=\"700\" src=\"https:\/\/www.solarispower.com\/wp-content\/uploads\/2024\/10\/yard-lobster.jpg\" class=\"attachment-full size-full wp-image-20973\" alt=\"\" srcset=\"https:\/\/www.solarispower.com\/wp-content\/uploads\/2024\/10\/yard-lobster.jpg 1200w, https:\/\/www.solarispower.com\/wp-content\/uploads\/2024\/10\/yard-lobster-300x175.jpg 300w, https:\/\/www.solarispower.com\/wp-content\/uploads\/2024\/10\/yard-lobster-1024x597.jpg 1024w, https:\/\/www.solarispower.com\/wp-content\/uploads\/2024\/10\/yard-lobster-768x448.jpg 768w\" sizes=\"(max-width: 1200px) 100vw, 1200px\" \/>\t\t\t\t\t\t\t\t\t\t\t\t\t\t\t<\/div>\n\t\t\t\t<\/div>\n\t\t\t\t<\/div>\n\t\t<div class=\"elementor-element elementor-element-57d1702 e-con-full e-flex elementor-invisible e-con e-child\" data-id=\"57d1702\" data-element_type=\"container\" data-e-type=\"container\" data-settings=\"{&quot;background_background&quot;:&quot;classic&quot;,&quot;animation&quot;:&quot;fadeInRight&quot;,&quot;animation_delay&quot;:1000}\">\n\t\t\t\t<div class=\"elementor-element elementor-element-c9c8374 elementor-widget elementor-widget-heading\" data-id=\"c9c8374\" data-element_type=\"widget\" data-e-type=\"widget\" data-widget_type=\"heading.default\">\n\t\t\t\t<div class=\"elementor-widget-container\">\n\t\t\t\t\t<h2 class=\"elementor-heading-title elementor-size-default\">DIE LOBSTER TRADITION<\/h2>\t\t\t\t<\/div>\n\t\t\t\t<\/div>\n\t\t\t\t<div class=\"elementor-element elementor-element-bde59fa elementor-widget elementor-widget-text-editor\" data-id=\"bde59fa\" data-element_type=\"widget\" data-e-type=\"widget\" data-widget_type=\"text-editor.default\">\n\t\t\t\t<div class=\"elementor-widget-container\">\n\t\t\t\t\t\t\t\t\t<p>Solarisyachts hat als einer der ersten in Europa, eine Lobsteryacht, die 47 Fuss lange Express Cruiser von Bruce King, dem Designer der ber\u00fchmten amerikanischen Hinckley-Serie, produziert.<\/p>\t\t\t\t\t\t\t\t<\/div>\n\t\t\t\t<\/div>\n\t\t\t\t<\/div>\n\t\t\t\t\t<\/div>\n\t\t\t\t<\/div>\n\t\t<div class=\"elementor-element elementor-element-2d9cf45 e-flex e-con-boxed e-con e-parent\" data-id=\"2d9cf45\" data-element_type=\"container\" data-e-type=\"container\" data-settings=\"{&quot;background_background&quot;:&quot;classic&quot;}\">\n\t\t\t\t\t<div class=\"e-con-inner\">\n\t\t<div class=\"elementor-element elementor-element-89a063b e-con-full e-flex elementor-invisible e-con e-child\" data-id=\"89a063b\" data-element_type=\"container\" data-e-type=\"container\" data-settings=\"{&quot;background_background&quot;:&quot;classic&quot;,&quot;animation&quot;:&quot;fadeInLeft&quot;,&quot;animation_delay&quot;:1000}\">\n\t\t\t\t<div class=\"elementor-element elementor-element-b7a1770 elementor-widget__width-initial elementor-widget elementor-widget-heading\" data-id=\"b7a1770\" data-element_type=\"widget\" data-e-type=\"widget\" data-widget_type=\"heading.default\">\n\t\t\t\t<div class=\"elementor-widget-container\">\n\t\t\t\t\t<h2 class=\"elementor-heading-title elementor-size-default\">HANDGEPFLEGTES FINISH<\/h2>\t\t\t\t<\/div>\n\t\t\t\t<\/div>\n\t\t\t\t<div class=\"elementor-element elementor-element-86558c7 elementor-widget elementor-widget-text-editor\" data-id=\"86558c7\" data-element_type=\"widget\" data-e-type=\"widget\" data-widget_type=\"text-editor.default\">\n\t\t\t\t<div class=\"elementor-widget-container\">\n\t\t\t\t\t\t\t\t\t<p>Solaris ist eine der wenigen Werften, die Spitzentechnologie mit traditioneller Handwerkskunst in Details und Verarbeitung zu verbinden weiss.<\/p>\t\t\t\t\t\t\t\t<\/div>\n\t\t\t\t<\/div>\n\t\t\t\t<\/div>\n\t\t<div class=\"elementor-element elementor-element-c473ec9 e-con-full e-flex elementor-invisible e-con e-child\" data-id=\"c473ec9\" data-element_type=\"container\" data-e-type=\"container\" data-settings=\"{&quot;background_background&quot;:&quot;classic&quot;,&quot;animation&quot;:&quot;fadeInRight&quot;}\">\n\t\t\t\t<div class=\"elementor-element elementor-element-364b7fe elementor-widget elementor-widget-image\" data-id=\"364b7fe\" data-element_type=\"widget\" data-e-type=\"widget\" data-widget_type=\"image.default\">\n\t\t\t\t<div class=\"elementor-widget-container\">\n\t\t\t\t\t\t\t\t\t\t\t\t\t\t\t<img decoding=\"async\" width=\"650\" height=\"400\" src=\"https:\/\/www.solarispower.com\/wp-content\/uploads\/2023\/08\/yard-craftmanship.jpeg\" class=\"attachment-full size-full wp-image-3592\" alt=\"\" srcset=\"https:\/\/www.solarispower.com\/wp-content\/uploads\/2023\/08\/yard-craftmanship.jpeg 650w, https:\/\/www.solarispower.com\/wp-content\/uploads\/2023\/08\/yard-craftmanship-300x185.jpeg 300w\" sizes=\"(max-width: 650px) 100vw, 650px\" \/>\t\t\t\t\t\t\t\t\t\t\t\t\t\t\t<\/div>\n\t\t\t\t<\/div>\n\t\t\t\t<\/div>\n\t\t\t\t\t<\/div>\n\t\t\t\t<\/div>\n\t\t<div class=\"elementor-element elementor-element-c1c837b e-flex e-con-boxed e-con e-parent\" data-id=\"c1c837b\" data-element_type=\"container\" data-e-type=\"container\" data-settings=\"{&quot;background_background&quot;:&quot;classic&quot;}\">\n\t\t\t\t\t<div class=\"e-con-inner\">\n\t\t<div class=\"elementor-element elementor-element-0d96d3c e-con-full e-flex elementor-invisible e-con e-child\" data-id=\"0d96d3c\" data-element_type=\"container\" data-e-type=\"container\" data-settings=\"{&quot;background_background&quot;:&quot;classic&quot;,&quot;animation&quot;:&quot;fadeInLeft&quot;}\">\n\t\t\t\t<div class=\"elementor-element elementor-element-18ad8ba elementor-widget elementor-widget-image\" data-id=\"18ad8ba\" data-element_type=\"widget\" data-e-type=\"widget\" data-widget_type=\"image.default\">\n\t\t\t\t<div class=\"elementor-widget-container\">\n\t\t\t\t\t\t\t\t\t\t\t\t\t\t\t<img loading=\"lazy\" decoding=\"async\" width=\"650\" height=\"400\" src=\"https:\/\/www.solarispower.com\/wp-content\/uploads\/2023\/08\/yard-ocean.jpg\" class=\"attachment-full size-full wp-image-3596\" alt=\"\" srcset=\"https:\/\/www.solarispower.com\/wp-content\/uploads\/2023\/08\/yard-ocean.jpg 650w, https:\/\/www.solarispower.com\/wp-content\/uploads\/2023\/08\/yard-ocean-300x185.jpg 300w\" sizes=\"(max-width: 650px) 100vw, 650px\" \/>\t\t\t\t\t\t\t\t\t\t\t\t\t\t\t<\/div>\n\t\t\t\t<\/div>\n\t\t\t\t<\/div>\n\t\t<div class=\"elementor-element elementor-element-0f15843 e-con-full e-flex elementor-invisible e-con e-child\" data-id=\"0f15843\" data-element_type=\"container\" data-e-type=\"container\" data-settings=\"{&quot;background_background&quot;:&quot;classic&quot;,&quot;animation&quot;:&quot;fadeInRight&quot;,&quot;animation_delay&quot;:1000}\">\n\t\t\t\t<div class=\"elementor-element elementor-element-1bc6b29 elementor-widget elementor-widget-heading\" data-id=\"1bc6b29\" data-element_type=\"widget\" data-e-type=\"widget\" data-widget_type=\"heading.default\">\n\t\t\t\t<div class=\"elementor-widget-container\">\n\t\t\t\t\t<h2 class=\"elementor-heading-title elementor-size-default\">HOCHSEEFAHRER ENTSCHEIDEN SICH F\u00dcR SOLARIS YACHTEN<\/h2>\t\t\t\t<\/div>\n\t\t\t\t<\/div>\n\t\t\t\t<div class=\"elementor-element elementor-element-61bf931 elementor-widget elementor-widget-text-editor\" data-id=\"61bf931\" data-element_type=\"widget\" data-e-type=\"widget\" data-widget_type=\"text-editor.default\">\n\t\t\t\t<div class=\"elementor-widget-container\">\n\t\t\t\t\t\t\t\t\t<p>Die anspruchsvolleren Skipper, die als Hochseesegler bis in die entlegensten Winkel der Welt segeln, sch\u00e4tzen Solaris Segelboote wegen ihrer Seet\u00fcchtigkeit, Robustheit und Zuverl\u00e4ssigkeit.<\/p>\t\t\t\t\t\t\t\t<\/div>\n\t\t\t\t<\/div>\n\t\t\t\t<\/div>\n\t\t\t\t\t<\/div>\n\t\t\t\t<\/div>\n\t\t<div class=\"elementor-element elementor-element-f710ee3 e-flex e-con-boxed e-con e-parent\" data-id=\"f710ee3\" data-element_type=\"container\" data-e-type=\"container\" data-settings=\"{&quot;background_background&quot;:&quot;classic&quot;}\">\n\t\t\t\t\t<div class=\"e-con-inner\">\n\t\t\t\t<div class=\"elementor-element elementor-element-41a70ac elementor-widget__width-inherit elementor-widget elementor-widget-heading\" data-id=\"41a70ac\" data-element_type=\"widget\" data-e-type=\"widget\" data-widget_type=\"heading.default\">\n\t\t\t\t<div class=\"elementor-widget-container\">\n\t\t\t\t\t<h2 class=\"elementor-heading-title elementor-size-default\">Solaris shipyards<\/h2>\t\t\t\t<\/div>\n\t\t\t\t<\/div>\n\t\t\t\t<div class=\"elementor-element elementor-element-11c99ff elementor-widget elementor-widget-global elementor-global-13643 elementor-widget-spacer\" data-id=\"11c99ff\" data-element_type=\"widget\" data-e-type=\"widget\" data-widget_type=\"spacer.default\">\n\t\t\t\t<div class=\"elementor-widget-container\">\n\t\t\t\t\t\t\t<div class=\"elementor-spacer\">\n\t\t\t<div class=\"elementor-spacer-inner\"><\/div>\n\t\t<\/div>\n\t\t\t\t\t\t<\/div>\n\t\t\t\t<\/div>\n\t\t<div class=\"elementor-element elementor-element-fd9ecdb e-con-full e-flex elementor-invisible e-con e-child\" data-id=\"fd9ecdb\" data-element_type=\"container\" data-e-type=\"container\" data-settings=\"{&quot;background_background&quot;:&quot;classic&quot;,&quot;animation&quot;:&quot;fadeInLeft&quot;,&quot;animation_delay&quot;:1000}\">\n\t\t\t\t<div class=\"elementor-element elementor-element-1452874 elementor-widget elementor-widget-image\" data-id=\"1452874\" data-element_type=\"widget\" data-e-type=\"widget\" data-widget_type=\"image.default\">\n\t\t\t\t<div class=\"elementor-widget-container\">\n\t\t\t\t\t\t\t\t\t\t\t\t\t\t\t<img loading=\"lazy\" decoding=\"async\" width=\"1200\" height=\"800\" src=\"https:\/\/www.solarispower.com\/wp-content\/uploads\/2025\/05\/yard-forli.jpg\" class=\"attachment-full size-full wp-image-24099\" alt=\"\" srcset=\"https:\/\/www.solarispower.com\/wp-content\/uploads\/2025\/05\/yard-forli.jpg 1200w, https:\/\/www.solarispower.com\/wp-content\/uploads\/2025\/05\/yard-forli-300x200.jpg 300w, https:\/\/www.solarispower.com\/wp-content\/uploads\/2025\/05\/yard-forli-1024x683.jpg 1024w, https:\/\/www.solarispower.com\/wp-content\/uploads\/2025\/05\/yard-forli-768x512.jpg 768w\" sizes=\"(max-width: 1200px) 100vw, 1200px\" \/>\t\t\t\t\t\t\t\t\t\t\t\t\t\t\t<\/div>\n\t\t\t\t<\/div>\n\t\t\t\t<div class=\"elementor-element elementor-element-cdc7c5d elementor-widget__width-inherit elementor-widget elementor-widget-heading\" data-id=\"cdc7c5d\" data-element_type=\"widget\" data-e-type=\"widget\" data-widget_type=\"heading.default\">\n\t\t\t\t<div class=\"elementor-widget-container\">\n\t\t\t\t\t<h2 class=\"elementor-heading-title elementor-size-default\">The power boat yard in Forl\u00ec<\/h2>\t\t\t\t<\/div>\n\t\t\t\t<\/div>\n\t\t\t\t<div class=\"elementor-element elementor-element-eda902a elementor-widget elementor-widget-text-editor\" data-id=\"eda902a\" data-element_type=\"widget\" data-e-type=\"widget\" data-widget_type=\"text-editor.default\">\n\t\t\t\t<div class=\"elementor-widget-container\">\n\t\t\t\t\t\t\t\t\t<p>A new, state-of-the-art facility located in one of the most important powerboat production districts in the world, home to several of the leading powerboat yards worldwide. The facility is fully equipped with the latest production systems and technologies, and it is fully sustainable thanks to the green energy generated by photovoltaic systems installed on its roofs. <\/p>\t\t\t\t\t\t\t\t<\/div>\n\t\t\t\t<\/div>\n\t\t\t\t<\/div>\n\t\t<div class=\"elementor-element elementor-element-315fa3b e-con-full e-flex elementor-invisible e-con e-child\" data-id=\"315fa3b\" data-element_type=\"container\" data-e-type=\"container\" data-settings=\"{&quot;background_background&quot;:&quot;classic&quot;,&quot;animation&quot;:&quot;fadeInRight&quot;,&quot;animation_delay&quot;:1000}\">\n\t\t\t\t<div class=\"elementor-element elementor-element-5d4dfcd elementor-widget elementor-widget-image\" data-id=\"5d4dfcd\" data-element_type=\"widget\" data-e-type=\"widget\" data-widget_type=\"image.default\">\n\t\t\t\t<div class=\"elementor-widget-container\">\n\t\t\t\t\t\t\t\t\t\t\t\t\t\t\t<img loading=\"lazy\" decoding=\"async\" width=\"1200\" height=\"800\" src=\"https:\/\/www.solarispower.com\/wp-content\/uploads\/2025\/05\/yard-aquileia.jpg\" class=\"attachment-full size-full wp-image-24104\" alt=\"\" srcset=\"https:\/\/www.solarispower.com\/wp-content\/uploads\/2025\/05\/yard-aquileia.jpg 1200w, https:\/\/www.solarispower.com\/wp-content\/uploads\/2025\/05\/yard-aquileia-300x200.jpg 300w, https:\/\/www.solarispower.com\/wp-content\/uploads\/2025\/05\/yard-aquileia-1024x683.jpg 1024w, https:\/\/www.solarispower.com\/wp-content\/uploads\/2025\/05\/yard-aquileia-768x512.jpg 768w\" sizes=\"(max-width: 1200px) 100vw, 1200px\" \/>\t\t\t\t\t\t\t\t\t\t\t\t\t\t\t<\/div>\n\t\t\t\t<\/div>\n\t\t\t\t<div class=\"elementor-element elementor-element-e890cf0 elementor-widget__width-inherit elementor-widget elementor-widget-heading\" data-id=\"e890cf0\" data-element_type=\"widget\" data-e-type=\"widget\" data-widget_type=\"heading.default\">\n\t\t\t\t<div class=\"elementor-widget-container\">\n\t\t\t\t\t<h2 class=\"elementor-heading-title elementor-size-default\">The sailing boat yard in Aquileia<\/h2>\t\t\t\t<\/div>\n\t\t\t\t<\/div>\n\t\t\t\t<div class=\"elementor-element elementor-element-584d3fd elementor-widget elementor-widget-text-editor\" data-id=\"584d3fd\" data-element_type=\"widget\" data-e-type=\"widget\" data-widget_type=\"text-editor.default\">\n\t\t\t\t<div class=\"elementor-widget-container\">\n\t\t\t\t\t\t\t\t\t<p>Located in a prime position of Venetian Lagoon, with direct access to the sea, it allows for sea trials to refine every design solution before production begins &#8211; thanks also to a team of craftsmen with extensive, hands-on sailing experience.<\/p>\t\t\t\t\t\t\t\t<\/div>\n\t\t\t\t<\/div>\n\t\t\t\t<\/div>\n\t\t\t\t\t<\/div>\n\t\t\t\t<\/div>\n\t\t\t\t<\/div>\n\t\t","protected":false},"excerpt":{"rendered":"<p>Yachting Exzellenz Seit 1974 Solaris Yachtbauseit 1974 Qualit\u00e4t, Seeg\u00e4ngigkeit und Eleganz Der Ruf der Solaris-Werft ist im deutschsprachigen Raum besser bekannt als in Italien.Seit Beginn des Unternehmens ist die Philosophie der Werft, seet\u00fcchtige, solide und sichere Segelboote auf h\u00f6chstem Qualit\u00e4tsniveau zu bauen.Daraus resultiert das Motto der Werft: &#8222;Built for Sailors&#8220;. Heute ist Solaris in Europa [&hellip;]<\/p>\n","protected":false},"author":1,"featured_media":0,"parent":0,"menu_order":0,"comment_status":"closed","ping_status":"closed","template":"","meta":{"footnotes":""},"class_list":["post-6349","page","type-page","status-publish","hentry"],"_links":{"self":[{"href":"https:\/\/www.solarispower.com\/de\/wp-json\/wp\/v2\/pages\/6349","targetHints":{"allow":["GET"]}}],"collection":[{"href":"https:\/\/www.solarispower.com\/de\/wp-json\/wp\/v2\/pages"}],"about":[{"href":"https:\/\/www.solarispower.com\/de\/wp-json\/wp\/v2\/types\/page"}],"author":[{"embeddable":true,"href":"https:\/\/www.solarispower.com\/de\/wp-json\/wp\/v2\/users\/1"}],"replies":[{"embeddable":true,"href":"https:\/\/www.solarispower.com\/de\/wp-json\/wp\/v2\/comments?post=6349"}],"version-history":[{"count":29,"href":"https:\/\/www.solarispower.com\/de\/wp-json\/wp\/v2\/pages\/6349\/revisions"}],"predecessor-version":[{"id":24144,"href":"https:\/\/www.solarispower.com\/de\/wp-json\/wp\/v2\/pages\/6349\/revisions\/24144"}],"wp:attachment":[{"href":"https:\/\/www.solarispower.com\/de\/wp-json\/wp\/v2\/media?parent=6349"}],"curies":[{"name":"wp","href":"https:\/\/api.w.org\/{rel}","templated":true}]}}