{"id":6362,"date":"2023-08-21T17:11:48","date_gmt":"2023-08-21T17:11:48","guid":{"rendered":"http:\/\/solarispower.com\/astillero\/"},"modified":"2025-05-27T10:17:19","modified_gmt":"2025-05-27T10:17:19","slug":"astillero","status":"publish","type":"page","link":"https:\/\/www.solarispower.com\/es\/astillero","title":{"rendered":"Astillero"},"content":{"rendered":"\t\t<div data-elementor-type=\"wp-page\" data-elementor-id=\"6362\" class=\"elementor elementor-6362 elementor-33\" data-elementor-post-type=\"page\">\n\t\t\t\t<div class=\"elementor-element elementor-element-599b43d e-con-full e-flex e-con e-parent\" data-id=\"599b43d\" data-element_type=\"container\" data-e-type=\"container\" data-settings=\"{&quot;background_background&quot;:&quot;classic&quot;}\">\n\t\t\t\t<div class=\"elementor-element elementor-element-57a68ba elementor-widget elementor-widget-heading\" data-id=\"57a68ba\" data-element_type=\"widget\" data-e-type=\"widget\" data-widget_type=\"heading.default\">\n\t\t\t\t<div class=\"elementor-widget-container\">\n\t\t\t\t\t<h2 class=\"elementor-heading-title elementor-size-default\">Excelencia n\u00e1utica<\/h2>\t\t\t\t<\/div>\n\t\t\t\t<\/div>\n\t\t\t\t<div class=\"elementor-element elementor-element-dc2eb00 elementor-widget elementor-widget-heading\" data-id=\"dc2eb00\" data-element_type=\"widget\" data-e-type=\"widget\" data-widget_type=\"heading.default\">\n\t\t\t\t<div class=\"elementor-widget-container\">\n\t\t\t\t\t<h2 class=\"elementor-heading-title elementor-size-default\">Desde 1974<\/h2>\t\t\t\t<\/div>\n\t\t\t\t<\/div>\n\t\t\t\t<\/div>\n\t\t<div class=\"elementor-element elementor-element-1680cb1 e-flex e-con-boxed e-con e-parent\" data-id=\"1680cb1\" data-element_type=\"container\" data-e-type=\"container\" data-settings=\"{&quot;background_background&quot;:&quot;classic&quot;}\">\n\t\t\t\t\t<div class=\"e-con-inner\">\n\t\t\t\t<div class=\"elementor-element elementor-element-7c405ef elementor-widget__width-initial elementor-widget elementor-widget-heading\" data-id=\"7c405ef\" data-element_type=\"widget\" data-e-type=\"widget\" data-widget_type=\"heading.default\">\n\t\t\t\t<div class=\"elementor-widget-container\">\n\t\t\t\t\t<h2 class=\"elementor-heading-title elementor-size-default\">Astillero Solaris<br>desde 1974 calidad, navegabilidad y elegancia<\/h2>\t\t\t\t<\/div>\n\t\t\t\t<\/div>\n\t\t\t\t\t<\/div>\n\t\t\t\t<\/div>\n\t\t<div class=\"elementor-element elementor-element-2559245 e-flex e-con-boxed e-con e-parent\" data-id=\"2559245\" data-element_type=\"container\" data-e-type=\"container\" data-settings=\"{&quot;background_background&quot;:&quot;classic&quot;}\">\n\t\t\t\t\t<div class=\"e-con-inner\">\n\t\t<div class=\"elementor-element elementor-element-965a25b e-con-full e-flex elementor-invisible e-con e-child\" data-id=\"965a25b\" data-element_type=\"container\" data-e-type=\"container\" data-settings=\"{&quot;background_background&quot;:&quot;classic&quot;,&quot;animation&quot;:&quot;fadeInLeft&quot;,&quot;animation_delay&quot;:1000}\">\n\t\t\t\t<div class=\"elementor-element elementor-element-fafb409 elementor-widget elementor-widget-text-editor\" data-id=\"fafb409\" data-element_type=\"widget\" data-e-type=\"widget\" data-widget_type=\"text-editor.default\">\n\t\t\t\t<div class=\"elementor-widget-container\">\n\t\t\t\t\t\t\t\t\t<p>La reputaci\u00f3n del astillero es m\u00e1s conocida entre los navegantes alemanes, suizos y austriacos que en Italia.<br>Desde sus comienzos, la filosof\u00eda de la empresa se ha basado en la construcci\u00f3n de veleros con alta navegabilidad, s\u00f3lidos y seguros, con los m\u00e1s altos est\u00e1ndares de calidad, capaces de desafiar a los m\u00e1s prestigiosos constructores escandinavos.<br>El lema de Solaris es: \u2018Construido para los aut\u00e9nticos navegantes\u2019.color: var( &#8211;e-global-color-text ); font-family: var( &#8211;e-global-typography-text-font-family ), Sans-serif; font-size: var( &#8211;e-global-typography-text-font-size ); font-weight: var( &#8211;e-global-typography-text-font-weight ); background-color: var( &#8211;e-global-color-primary );Actualmente , Solaris es el l\u00edder europeo en la categor\u00eda de veleros de primera clase de 50&#8242; a 110&#8242;.color: var( &#8211;e-global-color-text ); font-family: var( &#8211;e-global-typography-text-font-family ), Sans-serif; font-size: var( &#8211;e-global-typography-text-font-size ); font-weight: var( &#8211;e-global-typography-text-font-weight ); background-color: var( &#8211;e-global-color-primary );Desde 2008 Solaris se ha dedicado tambi\u00e9n a la producci\u00f3n de embarcaciones a motor con esloras de 47 a 100 pies, incluyendo cinco yates de lujo de 90 pies para una marca de renombre internacional.Estas instalaciones est\u00e1n destinadas actualmente a los modelos de la gama Solaris Power, con los mismos est\u00e1ndares de calidad que los veleros de la marca.LA TRADICI\u00d3N DEL BARCO LOBSTERSolaris fue uno de los primeros astilleros de Europa en producir una embarcaci\u00f3n tipo lobster, el Express Cruiser de 47 pies, de Bruce King, dise\u00f1ador de la famosa serie American Hinckley.ACABADOS ARTESANALESSolaris es uno de los pocos astilleros que actualmente combina la tecnolog\u00eda punta con la artesan\u00eda tradicional aplicada en los menores detalles y acabados.LOS NAVEGANTES OCE\u00c1NICOS ELIGEN SOLARISLos patrones m\u00e1s exigentes, que navegan hasta los confines del mundo y se dedican a la navegaci\u00f3n de altura a vela, valoran los veleros Solaris por sus prestaciones, su resistencia y su fiabilidad de larga duraci\u00f3n.Solaris shipyardsThe power boat yard in Forl\u00ecA new, state-of-the-art facility located in one of the most important powerboat production districts in the world, home to several of the leading powerboat yards worldwide.The facility is fully equipped with the latest production systems and technologies, and it is fully sustainable thanks to the green energy generated by photovoltaic systems installed on its roofs.The sailing boat yard in AquileiaLocated in a prime position of Venetian Lagoon, with direct access to the sea, it allows for sea trials to refine every design solution before production begins &#8211; thanks also to a team of craftsmen with extensive, hands-on sailing experience.<\/p><p><span style=\"color: var( --e-global-color-text ); font-family: var( --e-global-typography-text-font-family ), Sans-serif; font-size: var( --e-global-typography-text-font-size ); font-weight: var( --e-global-typography-text-font-weight ); background-color: var( --e-global-color-primary );\">Actualmente , Solaris es el l\u00edder europeo en la categor\u00eda de veleros de primera clase de 50&#8242; a 110&#8242;.&nbsp;<\/span><span style=\"color: var( --e-global-color-text ); font-family: var( --e-global-typography-text-font-family ), Sans-serif; font-size: var( --e-global-typography-text-font-size ); font-weight: var( --e-global-typography-text-font-weight ); background-color: var( --e-global-color-primary );\">Desde 2008 Solaris se ha dedicado tambi\u00e9n a la producci\u00f3n de embarcaciones a motor con esloras de 47 a 100 pies, incluyendo cinco yates de lujo de 90 pies para una marca de renombre internacional. Estas instalaciones est\u00e1n destinadas actualmente a los modelos de la gama Solaris Power, con los mismos est\u00e1ndares de calidad que los veleros de la marca.<\/span><\/p>\t\t\t\t\t\t\t\t<\/div>\n\t\t\t\t<\/div>\n\t\t\t\t<\/div>\n\t\t<div class=\"elementor-element elementor-element-e773d31 e-con-full e-flex elementor-invisible e-con e-child\" data-id=\"e773d31\" data-element_type=\"container\" data-e-type=\"container\" data-settings=\"{&quot;background_background&quot;:&quot;classic&quot;,&quot;animation&quot;:&quot;fadeInRight&quot;}\">\n\t\t\t\t<div class=\"elementor-element elementor-element-e98f21e elementor-widget elementor-widget-image\" data-id=\"e98f21e\" data-element_type=\"widget\" data-e-type=\"widget\" data-widget_type=\"image.default\">\n\t\t\t\t<div class=\"elementor-widget-container\">\n\t\t\t\t\t\t\t\t\t\t\t\t\t\t\t<img fetchpriority=\"high\" decoding=\"async\" width=\"1080\" height=\"960\" src=\"https:\/\/www.solarispower.com\/wp-content\/uploads\/2023\/08\/yard-01.jpg\" class=\"attachment-full size-full wp-image-6363\" alt=\"\" srcset=\"https:\/\/www.solarispower.com\/wp-content\/uploads\/2023\/08\/yard-01.jpg 1080w, https:\/\/www.solarispower.com\/wp-content\/uploads\/2023\/08\/yard-01-300x267.jpg 300w, https:\/\/www.solarispower.com\/wp-content\/uploads\/2023\/08\/yard-01-1024x910.jpg 1024w, https:\/\/www.solarispower.com\/wp-content\/uploads\/2023\/08\/yard-01-768x683.jpg 768w\" sizes=\"(max-width: 1080px) 100vw, 1080px\" \/>\t\t\t\t\t\t\t\t\t\t\t\t\t\t\t<\/div>\n\t\t\t\t<\/div>\n\t\t\t\t<\/div>\n\t\t\t\t\t<\/div>\n\t\t\t\t<\/div>\n\t\t<div class=\"elementor-element elementor-element-da2f882 e-flex e-con-boxed e-con e-parent\" data-id=\"da2f882\" data-element_type=\"container\" data-e-type=\"container\" data-settings=\"{&quot;background_background&quot;:&quot;classic&quot;}\">\n\t\t\t\t\t<div class=\"e-con-inner\">\n\t\t<div class=\"elementor-element elementor-element-b9bcd01 e-con-full e-flex elementor-invisible e-con e-child\" data-id=\"b9bcd01\" data-element_type=\"container\" data-e-type=\"container\" data-settings=\"{&quot;background_background&quot;:&quot;classic&quot;,&quot;animation&quot;:&quot;fadeInLeft&quot;}\">\n\t\t\t\t<div class=\"elementor-element elementor-element-fbefc93 elementor-widget elementor-widget-image\" data-id=\"fbefc93\" data-element_type=\"widget\" data-e-type=\"widget\" data-widget_type=\"image.default\">\n\t\t\t\t<div class=\"elementor-widget-container\">\n\t\t\t\t\t\t\t\t\t\t\t\t\t\t\t<img decoding=\"async\" width=\"1200\" height=\"700\" src=\"https:\/\/www.solarispower.com\/wp-content\/uploads\/2024\/10\/yard-lobster.jpg\" class=\"attachment-full size-full wp-image-20975\" alt=\"\" srcset=\"https:\/\/www.solarispower.com\/wp-content\/uploads\/2024\/10\/yard-lobster.jpg 1200w, https:\/\/www.solarispower.com\/wp-content\/uploads\/2024\/10\/yard-lobster-300x175.jpg 300w, https:\/\/www.solarispower.com\/wp-content\/uploads\/2024\/10\/yard-lobster-1024x597.jpg 1024w, https:\/\/www.solarispower.com\/wp-content\/uploads\/2024\/10\/yard-lobster-768x448.jpg 768w\" sizes=\"(max-width: 1200px) 100vw, 1200px\" \/>\t\t\t\t\t\t\t\t\t\t\t\t\t\t\t<\/div>\n\t\t\t\t<\/div>\n\t\t\t\t<\/div>\n\t\t<div class=\"elementor-element elementor-element-57d1702 e-con-full e-flex elementor-invisible e-con e-child\" data-id=\"57d1702\" data-element_type=\"container\" data-e-type=\"container\" data-settings=\"{&quot;background_background&quot;:&quot;classic&quot;,&quot;animation&quot;:&quot;fadeInRight&quot;,&quot;animation_delay&quot;:1000}\">\n\t\t\t\t<div class=\"elementor-element elementor-element-c9c8374 elementor-widget elementor-widget-heading\" data-id=\"c9c8374\" data-element_type=\"widget\" data-e-type=\"widget\" data-widget_type=\"heading.default\">\n\t\t\t\t<div class=\"elementor-widget-container\">\n\t\t\t\t\t<h2 class=\"elementor-heading-title elementor-size-default\">LA TRADICI\u00d3N DEL BARCO LOBSTER<\/h2>\t\t\t\t<\/div>\n\t\t\t\t<\/div>\n\t\t\t\t<div class=\"elementor-element elementor-element-bde59fa elementor-widget elementor-widget-text-editor\" data-id=\"bde59fa\" data-element_type=\"widget\" data-e-type=\"widget\" data-widget_type=\"text-editor.default\">\n\t\t\t\t<div class=\"elementor-widget-container\">\n\t\t\t\t\t\t\t\t\t<p>Solaris fue uno de los primeros astilleros de Europa en producir una embarcaci\u00f3n tipo lobster, el Express Cruiser de 47 pies, de Bruce King, dise\u00f1ador de la famosa serie American Hinckley.<\/p>\t\t\t\t\t\t\t\t<\/div>\n\t\t\t\t<\/div>\n\t\t\t\t<\/div>\n\t\t\t\t\t<\/div>\n\t\t\t\t<\/div>\n\t\t<div class=\"elementor-element elementor-element-2d9cf45 e-flex e-con-boxed e-con e-parent\" data-id=\"2d9cf45\" data-element_type=\"container\" data-e-type=\"container\" data-settings=\"{&quot;background_background&quot;:&quot;classic&quot;}\">\n\t\t\t\t\t<div class=\"e-con-inner\">\n\t\t<div class=\"elementor-element elementor-element-89a063b e-con-full e-flex elementor-invisible e-con e-child\" data-id=\"89a063b\" data-element_type=\"container\" data-e-type=\"container\" data-settings=\"{&quot;background_background&quot;:&quot;classic&quot;,&quot;animation&quot;:&quot;fadeInLeft&quot;,&quot;animation_delay&quot;:1000}\">\n\t\t\t\t<div class=\"elementor-element elementor-element-b7a1770 elementor-widget__width-initial elementor-widget elementor-widget-heading\" data-id=\"b7a1770\" data-element_type=\"widget\" data-e-type=\"widget\" data-widget_type=\"heading.default\">\n\t\t\t\t<div class=\"elementor-widget-container\">\n\t\t\t\t\t<h2 class=\"elementor-heading-title elementor-size-default\">ACABADOS ARTESANALES<\/h2>\t\t\t\t<\/div>\n\t\t\t\t<\/div>\n\t\t\t\t<div class=\"elementor-element elementor-element-86558c7 elementor-widget elementor-widget-text-editor\" data-id=\"86558c7\" data-element_type=\"widget\" data-e-type=\"widget\" data-widget_type=\"text-editor.default\">\n\t\t\t\t<div class=\"elementor-widget-container\">\n\t\t\t\t\t\t\t\t\t<p>Solaris es uno de los pocos astilleros que actualmente combina la tecnolog\u00eda punta con la artesan\u00eda tradicional aplicada en los menores detalles y acabados.<\/p>\t\t\t\t\t\t\t\t<\/div>\n\t\t\t\t<\/div>\n\t\t\t\t<\/div>\n\t\t<div class=\"elementor-element elementor-element-c473ec9 e-con-full e-flex elementor-invisible e-con e-child\" data-id=\"c473ec9\" data-element_type=\"container\" data-e-type=\"container\" data-settings=\"{&quot;background_background&quot;:&quot;classic&quot;,&quot;animation&quot;:&quot;fadeInRight&quot;}\">\n\t\t\t\t<div class=\"elementor-element elementor-element-364b7fe elementor-widget elementor-widget-image\" data-id=\"364b7fe\" data-element_type=\"widget\" data-e-type=\"widget\" data-widget_type=\"image.default\">\n\t\t\t\t<div class=\"elementor-widget-container\">\n\t\t\t\t\t\t\t\t\t\t\t\t\t\t\t<img decoding=\"async\" width=\"650\" height=\"400\" src=\"https:\/\/www.solarispower.com\/wp-content\/uploads\/2023\/08\/yard-craftmanship.jpeg\" class=\"attachment-full size-full wp-image-6367\" alt=\"\" srcset=\"https:\/\/www.solarispower.com\/wp-content\/uploads\/2023\/08\/yard-craftmanship.jpeg 650w, https:\/\/www.solarispower.com\/wp-content\/uploads\/2023\/08\/yard-craftmanship-300x185.jpeg 300w\" sizes=\"(max-width: 650px) 100vw, 650px\" \/>\t\t\t\t\t\t\t\t\t\t\t\t\t\t\t<\/div>\n\t\t\t\t<\/div>\n\t\t\t\t<\/div>\n\t\t\t\t\t<\/div>\n\t\t\t\t<\/div>\n\t\t<div class=\"elementor-element elementor-element-c1c837b e-flex e-con-boxed e-con e-parent\" data-id=\"c1c837b\" data-element_type=\"container\" data-e-type=\"container\" data-settings=\"{&quot;background_background&quot;:&quot;classic&quot;}\">\n\t\t\t\t\t<div class=\"e-con-inner\">\n\t\t<div class=\"elementor-element elementor-element-0d96d3c e-con-full e-flex elementor-invisible e-con e-child\" data-id=\"0d96d3c\" data-element_type=\"container\" data-e-type=\"container\" data-settings=\"{&quot;background_background&quot;:&quot;classic&quot;,&quot;animation&quot;:&quot;fadeInLeft&quot;}\">\n\t\t\t\t<div class=\"elementor-element elementor-element-18ad8ba elementor-widget elementor-widget-image\" data-id=\"18ad8ba\" data-element_type=\"widget\" data-e-type=\"widget\" data-widget_type=\"image.default\">\n\t\t\t\t<div class=\"elementor-widget-container\">\n\t\t\t\t\t\t\t\t\t\t\t\t\t\t\t<img loading=\"lazy\" decoding=\"async\" width=\"650\" height=\"400\" src=\"https:\/\/www.solarispower.com\/wp-content\/uploads\/2023\/08\/yard-ocean.jpg\" class=\"attachment-full size-full wp-image-6368\" alt=\"\" srcset=\"https:\/\/www.solarispower.com\/wp-content\/uploads\/2023\/08\/yard-ocean.jpg 650w, https:\/\/www.solarispower.com\/wp-content\/uploads\/2023\/08\/yard-ocean-300x185.jpg 300w\" sizes=\"(max-width: 650px) 100vw, 650px\" \/>\t\t\t\t\t\t\t\t\t\t\t\t\t\t\t<\/div>\n\t\t\t\t<\/div>\n\t\t\t\t<\/div>\n\t\t<div class=\"elementor-element elementor-element-0f15843 e-con-full e-flex elementor-invisible e-con e-child\" data-id=\"0f15843\" data-element_type=\"container\" data-e-type=\"container\" data-settings=\"{&quot;background_background&quot;:&quot;classic&quot;,&quot;animation&quot;:&quot;fadeInRight&quot;,&quot;animation_delay&quot;:1000}\">\n\t\t\t\t<div class=\"elementor-element elementor-element-1bc6b29 elementor-widget elementor-widget-heading\" data-id=\"1bc6b29\" data-element_type=\"widget\" data-e-type=\"widget\" data-widget_type=\"heading.default\">\n\t\t\t\t<div class=\"elementor-widget-container\">\n\t\t\t\t\t<h2 class=\"elementor-heading-title elementor-size-default\">LOS NAVEGANTES OCE\u00c1NICOS ELIGEN SOLARIS<\/h2>\t\t\t\t<\/div>\n\t\t\t\t<\/div>\n\t\t\t\t<div class=\"elementor-element elementor-element-61bf931 elementor-widget elementor-widget-text-editor\" data-id=\"61bf931\" data-element_type=\"widget\" data-e-type=\"widget\" data-widget_type=\"text-editor.default\">\n\t\t\t\t<div class=\"elementor-widget-container\">\n\t\t\t\t\t\t\t\t\t<p>Los patrones m\u00e1s exigentes, que navegan hasta los confines del mundo y se dedican a la navegaci\u00f3n de altura a vela, valoran los veleros Solaris por sus prestaciones, su resistencia y su fiabilidad de larga duraci\u00f3n.<\/p>\t\t\t\t\t\t\t\t<\/div>\n\t\t\t\t<\/div>\n\t\t\t\t<\/div>\n\t\t\t\t\t<\/div>\n\t\t\t\t<\/div>\n\t\t<div class=\"elementor-element elementor-element-f710ee3 e-flex e-con-boxed e-con e-parent\" data-id=\"f710ee3\" data-element_type=\"container\" data-e-type=\"container\" data-settings=\"{&quot;background_background&quot;:&quot;classic&quot;}\">\n\t\t\t\t\t<div class=\"e-con-inner\">\n\t\t\t\t<div class=\"elementor-element elementor-element-41a70ac elementor-widget__width-inherit elementor-widget elementor-widget-heading\" data-id=\"41a70ac\" data-element_type=\"widget\" data-e-type=\"widget\" data-widget_type=\"heading.default\">\n\t\t\t\t<div class=\"elementor-widget-container\">\n\t\t\t\t\t<h2 class=\"elementor-heading-title elementor-size-default\">Solaris shipyards<\/h2>\t\t\t\t<\/div>\n\t\t\t\t<\/div>\n\t\t\t\t<div class=\"elementor-element elementor-element-11c99ff elementor-widget elementor-widget-global elementor-global-13643 elementor-widget-spacer\" data-id=\"11c99ff\" data-element_type=\"widget\" data-e-type=\"widget\" data-widget_type=\"spacer.default\">\n\t\t\t\t<div class=\"elementor-widget-container\">\n\t\t\t\t\t\t\t<div class=\"elementor-spacer\">\n\t\t\t<div class=\"elementor-spacer-inner\"><\/div>\n\t\t<\/div>\n\t\t\t\t\t\t<\/div>\n\t\t\t\t<\/div>\n\t\t<div class=\"elementor-element elementor-element-fd9ecdb e-con-full e-flex elementor-invisible e-con e-child\" data-id=\"fd9ecdb\" data-element_type=\"container\" data-e-type=\"container\" data-settings=\"{&quot;background_background&quot;:&quot;classic&quot;,&quot;animation&quot;:&quot;fadeInLeft&quot;,&quot;animation_delay&quot;:1000}\">\n\t\t\t\t<div class=\"elementor-element elementor-element-1452874 elementor-widget elementor-widget-image\" data-id=\"1452874\" data-element_type=\"widget\" data-e-type=\"widget\" data-widget_type=\"image.default\">\n\t\t\t\t<div class=\"elementor-widget-container\">\n\t\t\t\t\t\t\t\t\t\t\t\t\t\t\t<img loading=\"lazy\" decoding=\"async\" width=\"1200\" height=\"800\" src=\"https:\/\/www.solarispower.com\/wp-content\/uploads\/2025\/05\/yard-forli.jpg\" class=\"attachment-full size-full wp-image-24101\" alt=\"\" srcset=\"https:\/\/www.solarispower.com\/wp-content\/uploads\/2025\/05\/yard-forli.jpg 1200w, https:\/\/www.solarispower.com\/wp-content\/uploads\/2025\/05\/yard-forli-300x200.jpg 300w, https:\/\/www.solarispower.com\/wp-content\/uploads\/2025\/05\/yard-forli-1024x683.jpg 1024w, https:\/\/www.solarispower.com\/wp-content\/uploads\/2025\/05\/yard-forli-768x512.jpg 768w\" sizes=\"(max-width: 1200px) 100vw, 1200px\" \/>\t\t\t\t\t\t\t\t\t\t\t\t\t\t\t<\/div>\n\t\t\t\t<\/div>\n\t\t\t\t<div class=\"elementor-element elementor-element-cdc7c5d elementor-widget__width-inherit elementor-widget elementor-widget-heading\" data-id=\"cdc7c5d\" data-element_type=\"widget\" data-e-type=\"widget\" data-widget_type=\"heading.default\">\n\t\t\t\t<div class=\"elementor-widget-container\">\n\t\t\t\t\t<h2 class=\"elementor-heading-title elementor-size-default\">The power boat yard in Forl\u00ec<\/h2>\t\t\t\t<\/div>\n\t\t\t\t<\/div>\n\t\t\t\t<div class=\"elementor-element elementor-element-eda902a elementor-widget elementor-widget-text-editor\" data-id=\"eda902a\" data-element_type=\"widget\" data-e-type=\"widget\" data-widget_type=\"text-editor.default\">\n\t\t\t\t<div class=\"elementor-widget-container\">\n\t\t\t\t\t\t\t\t\t<p>A new, state-of-the-art facility located in one of the most important powerboat production districts in the world, home to several of the leading powerboat yards worldwide. The facility is fully equipped with the latest production systems and technologies, and it is fully sustainable thanks to the green energy generated by photovoltaic systems installed on its roofs.<\/p>\t\t\t\t\t\t\t\t<\/div>\n\t\t\t\t<\/div>\n\t\t\t\t<\/div>\n\t\t<div class=\"elementor-element elementor-element-315fa3b e-con-full e-flex elementor-invisible e-con e-child\" data-id=\"315fa3b\" data-element_type=\"container\" data-e-type=\"container\" data-settings=\"{&quot;background_background&quot;:&quot;classic&quot;,&quot;animation&quot;:&quot;fadeInRight&quot;,&quot;animation_delay&quot;:1000}\">\n\t\t\t\t<div class=\"elementor-element elementor-element-5d4dfcd elementor-widget elementor-widget-image\" data-id=\"5d4dfcd\" data-element_type=\"widget\" data-e-type=\"widget\" data-widget_type=\"image.default\">\n\t\t\t\t<div class=\"elementor-widget-container\">\n\t\t\t\t\t\t\t\t\t\t\t\t\t\t\t<img loading=\"lazy\" decoding=\"async\" width=\"1200\" height=\"800\" src=\"https:\/\/www.solarispower.com\/wp-content\/uploads\/2025\/05\/yard-aquileia.jpg\" class=\"attachment-full size-full wp-image-24106\" alt=\"\" srcset=\"https:\/\/www.solarispower.com\/wp-content\/uploads\/2025\/05\/yard-aquileia.jpg 1200w, https:\/\/www.solarispower.com\/wp-content\/uploads\/2025\/05\/yard-aquileia-300x200.jpg 300w, https:\/\/www.solarispower.com\/wp-content\/uploads\/2025\/05\/yard-aquileia-1024x683.jpg 1024w, https:\/\/www.solarispower.com\/wp-content\/uploads\/2025\/05\/yard-aquileia-768x512.jpg 768w\" sizes=\"(max-width: 1200px) 100vw, 1200px\" \/>\t\t\t\t\t\t\t\t\t\t\t\t\t\t\t<\/div>\n\t\t\t\t<\/div>\n\t\t\t\t<div class=\"elementor-element elementor-element-e890cf0 elementor-widget__width-inherit elementor-widget elementor-widget-heading\" data-id=\"e890cf0\" data-element_type=\"widget\" data-e-type=\"widget\" data-widget_type=\"heading.default\">\n\t\t\t\t<div class=\"elementor-widget-container\">\n\t\t\t\t\t<h2 class=\"elementor-heading-title elementor-size-default\">The sailing boat yard in Aquileia<\/h2>\t\t\t\t<\/div>\n\t\t\t\t<\/div>\n\t\t\t\t<div class=\"elementor-element elementor-element-584d3fd elementor-widget elementor-widget-text-editor\" data-id=\"584d3fd\" data-element_type=\"widget\" data-e-type=\"widget\" data-widget_type=\"text-editor.default\">\n\t\t\t\t<div class=\"elementor-widget-container\">\n\t\t\t\t\t\t\t\t\t<p>Located in a prime position of Venetian Lagoon, with direct access to the sea, it allows for sea trials to refine every design solution before production begins &#8211; thanks also to a team of craftsmen with extensive, hands-on sailing experience.<\/p>\t\t\t\t\t\t\t\t<\/div>\n\t\t\t\t<\/div>\n\t\t\t\t<\/div>\n\t\t\t\t\t<\/div>\n\t\t\t\t<\/div>\n\t\t\t\t<\/div>\n\t\t","protected":false},"excerpt":{"rendered":"<p>Excelencia n\u00e1utica Desde 1974 Astillero Solarisdesde 1974 calidad, navegabilidad y elegancia La reputaci\u00f3n del astillero es m\u00e1s conocida entre los navegantes alemanes, suizos y austriacos que en Italia.Desde sus comienzos, la filosof\u00eda de la empresa se ha basado en la construcci\u00f3n de veleros con alta navegabilidad, s\u00f3lidos y seguros, con los m\u00e1s altos est\u00e1ndares de [&hellip;]<\/p>\n","protected":false},"author":1,"featured_media":0,"parent":0,"menu_order":0,"comment_status":"closed","ping_status":"closed","template":"","meta":{"footnotes":""},"class_list":["post-6362","page","type-page","status-publish","hentry"],"_links":{"self":[{"href":"https:\/\/www.solarispower.com\/es\/wp-json\/wp\/v2\/pages\/6362","targetHints":{"allow":["GET"]}}],"collection":[{"href":"https:\/\/www.solarispower.com\/es\/wp-json\/wp\/v2\/pages"}],"about":[{"href":"https:\/\/www.solarispower.com\/es\/wp-json\/wp\/v2\/types\/page"}],"author":[{"embeddable":true,"href":"https:\/\/www.solarispower.com\/es\/wp-json\/wp\/v2\/users\/1"}],"replies":[{"embeddable":true,"href":"https:\/\/www.solarispower.com\/es\/wp-json\/wp\/v2\/comments?post=6362"}],"version-history":[{"count":31,"href":"https:\/\/www.solarispower.com\/es\/wp-json\/wp\/v2\/pages\/6362\/revisions"}],"predecessor-version":[{"id":24146,"href":"https:\/\/www.solarispower.com\/es\/wp-json\/wp\/v2\/pages\/6362\/revisions\/24146"}],"wp:attachment":[{"href":"https:\/\/www.solarispower.com\/es\/wp-json\/wp\/v2\/media?parent=6362"}],"curies":[{"name":"wp","href":"https:\/\/api.w.org\/{rel}","templated":true}]}}