{"id":6347,"date":"2023-08-21T17:11:48","date_gmt":"2023-08-21T17:11:48","guid":{"rendered":"http:\/\/solarispower.com\/chantier\/"},"modified":"2025-05-27T10:17:18","modified_gmt":"2025-05-27T10:17:18","slug":"chantier","status":"publish","type":"page","link":"https:\/\/www.solarispower.com\/fr\/chantier","title":{"rendered":"Chantier"},"content":{"rendered":"\t\t<div data-elementor-type=\"wp-page\" data-elementor-id=\"6347\" class=\"elementor elementor-6347 elementor-33\" data-elementor-post-type=\"page\">\n\t\t\t\t<div class=\"elementor-element elementor-element-599b43d e-con-full e-flex e-con e-parent\" data-id=\"599b43d\" data-element_type=\"container\" data-e-type=\"container\" data-settings=\"{&quot;background_background&quot;:&quot;classic&quot;}\">\n\t\t\t\t<div class=\"elementor-element elementor-element-57a68ba elementor-widget elementor-widget-heading\" data-id=\"57a68ba\" data-element_type=\"widget\" data-e-type=\"widget\" data-widget_type=\"heading.default\">\n\t\t\t\t<div class=\"elementor-widget-container\">\n\t\t\t\t\t<h2 class=\"elementor-heading-title elementor-size-default\">Yachting Excellence<\/h2>\t\t\t\t<\/div>\n\t\t\t\t<\/div>\n\t\t\t\t<div class=\"elementor-element elementor-element-dc2eb00 elementor-widget elementor-widget-heading\" data-id=\"dc2eb00\" data-element_type=\"widget\" data-e-type=\"widget\" data-widget_type=\"heading.default\">\n\t\t\t\t<div class=\"elementor-widget-container\">\n\t\t\t\t\t<h2 class=\"elementor-heading-title elementor-size-default\">Depuis 1974<\/h2>\t\t\t\t<\/div>\n\t\t\t\t<\/div>\n\t\t\t\t<\/div>\n\t\t<div class=\"elementor-element elementor-element-1680cb1 e-flex e-con-boxed e-con e-parent\" data-id=\"1680cb1\" data-element_type=\"container\" data-e-type=\"container\" data-settings=\"{&quot;background_background&quot;:&quot;classic&quot;}\">\n\t\t\t\t\t<div class=\"e-con-inner\">\n\t\t\t\t<div class=\"elementor-element elementor-element-7c405ef elementor-widget__width-initial elementor-widget elementor-widget-heading\" data-id=\"7c405ef\" data-element_type=\"widget\" data-e-type=\"widget\" data-widget_type=\"heading.default\">\n\t\t\t\t<div class=\"elementor-widget-container\">\n\t\t\t\t\t<h2 class=\"elementor-heading-title elementor-size-default\">Chantier Solaris<br>depuis 1974 qualit\u00e9, navigabilit\u00e9 et \u00e9l\u00e9gance<\/h2>\t\t\t\t<\/div>\n\t\t\t\t<\/div>\n\t\t\t\t\t<\/div>\n\t\t\t\t<\/div>\n\t\t<div class=\"elementor-element elementor-element-2559245 e-flex e-con-boxed e-con e-parent\" data-id=\"2559245\" data-element_type=\"container\" data-e-type=\"container\" data-settings=\"{&quot;background_background&quot;:&quot;classic&quot;}\">\n\t\t\t\t\t<div class=\"e-con-inner\">\n\t\t<div class=\"elementor-element elementor-element-965a25b e-con-full e-flex elementor-invisible e-con e-child\" data-id=\"965a25b\" data-element_type=\"container\" data-e-type=\"container\" data-settings=\"{&quot;background_background&quot;:&quot;classic&quot;,&quot;animation&quot;:&quot;fadeInLeft&quot;,&quot;animation_delay&quot;:1000}\">\n\t\t\t\t<div class=\"elementor-element elementor-element-fafb409 elementor-widget elementor-widget-text-editor\" data-id=\"fafb409\" data-element_type=\"widget\" data-e-type=\"widget\" data-widget_type=\"text-editor.default\">\n\t\t\t\t<div class=\"elementor-widget-container\">\n\t\t\t\t\t\t\t\t\t<p>La r\u00e9putation du chantier naval est davantage connue des marins allemands, suisses et autrichiensqu\u2019en Italie.<br>Depuis sa cr\u00e9ation, la philosophie de l\u2019entreprise a toujours \u00e9t\u00e9 de construire des voiliers solides et s\u00fbrs, avec les plus hauts standards de qualit\u00e9, capables de d\u00e9fier les prestigieux constructeurs scandinaves.<br>Comme il se doit, Solaris se veut \u2018Pour ceux qui naviguent\u2019.<\/p><p><span style=\"color: var( --e-global-color-text ); font-family: var( --e-global-typography-text-font-family ), Sans-serif; font-size: var( --e-global-typography-text-font-size ); font-weight: var( --e-global-typography-text-font-weight ); background-color: var( --e-global-color-primary );\">Aujourd&rsquo;hui, Solaris est le leader europ\u00e9en dans la cat\u00e9gorie des voiliers haut de gamme de 50&prime; \u00e0 110&prime;.&nbsp;<\/span><span style=\"color: var( --e-global-color-text ); font-family: var( --e-global-typography-text-font-family ), Sans-serif; font-size: var( --e-global-typography-text-font-size ); font-weight: var( --e-global-typography-text-font-weight ); background-color: var( --e-global-color-primary );\">Depuis 2008, Solaris exploite \u00e9galement une unit\u00e9 de production d\u00e9di\u00e9e aux yachts \u00e0 moteur de 44 \u00e0 100 pieds, dont cinq yachts de luxe de 90 pieds de long pour une marque de renomm\u00e9e internationale. Ce site est aujourd&rsquo;hui le lieu de construction de la nouvelle gamme Solaris Power, avec les m\u00eames standards de qualit\u00e9 \u00e9lev\u00e9s que ceux des voiliers Solaris.<\/span><\/p>\t\t\t\t\t\t\t\t<\/div>\n\t\t\t\t<\/div>\n\t\t\t\t<\/div>\n\t\t<div class=\"elementor-element elementor-element-e773d31 e-con-full e-flex elementor-invisible e-con e-child\" data-id=\"e773d31\" data-element_type=\"container\" data-e-type=\"container\" data-settings=\"{&quot;background_background&quot;:&quot;classic&quot;,&quot;animation&quot;:&quot;fadeInRight&quot;}\">\n\t\t\t\t<div class=\"elementor-element elementor-element-e98f21e elementor-widget elementor-widget-image\" data-id=\"e98f21e\" data-element_type=\"widget\" data-e-type=\"widget\" data-widget_type=\"image.default\">\n\t\t\t\t<div class=\"elementor-widget-container\">\n\t\t\t\t\t\t\t\t\t\t\t\t\t\t\t<img fetchpriority=\"high\" decoding=\"async\" width=\"1080\" height=\"960\" src=\"https:\/\/www.solarispower.com\/wp-content\/uploads\/2023\/08\/yard-01.jpg\" class=\"attachment-full size-full wp-image-3575\" alt=\"\" srcset=\"https:\/\/www.solarispower.com\/wp-content\/uploads\/2023\/08\/yard-01.jpg 1080w, https:\/\/www.solarispower.com\/wp-content\/uploads\/2023\/08\/yard-01-300x267.jpg 300w, https:\/\/www.solarispower.com\/wp-content\/uploads\/2023\/08\/yard-01-1024x910.jpg 1024w, https:\/\/www.solarispower.com\/wp-content\/uploads\/2023\/08\/yard-01-768x683.jpg 768w\" sizes=\"(max-width: 1080px) 100vw, 1080px\" \/>\t\t\t\t\t\t\t\t\t\t\t\t\t\t\t<\/div>\n\t\t\t\t<\/div>\n\t\t\t\t<\/div>\n\t\t\t\t\t<\/div>\n\t\t\t\t<\/div>\n\t\t<div class=\"elementor-element elementor-element-da2f882 e-flex e-con-boxed e-con e-parent\" data-id=\"da2f882\" data-element_type=\"container\" data-e-type=\"container\" data-settings=\"{&quot;background_background&quot;:&quot;classic&quot;}\">\n\t\t\t\t\t<div class=\"e-con-inner\">\n\t\t<div class=\"elementor-element elementor-element-b9bcd01 e-con-full e-flex elementor-invisible e-con e-child\" data-id=\"b9bcd01\" data-element_type=\"container\" data-e-type=\"container\" data-settings=\"{&quot;background_background&quot;:&quot;classic&quot;,&quot;animation&quot;:&quot;fadeInLeft&quot;}\">\n\t\t\t\t<div class=\"elementor-element elementor-element-fbefc93 elementor-widget elementor-widget-image\" data-id=\"fbefc93\" data-element_type=\"widget\" data-e-type=\"widget\" data-widget_type=\"image.default\">\n\t\t\t\t<div class=\"elementor-widget-container\">\n\t\t\t\t\t\t\t\t\t\t\t\t\t\t\t<img decoding=\"async\" width=\"1200\" height=\"700\" src=\"https:\/\/www.solarispower.com\/wp-content\/uploads\/2024\/10\/yard-lobster.jpg\" class=\"attachment-full size-full wp-image-20972\" alt=\"\" srcset=\"https:\/\/www.solarispower.com\/wp-content\/uploads\/2024\/10\/yard-lobster.jpg 1200w, https:\/\/www.solarispower.com\/wp-content\/uploads\/2024\/10\/yard-lobster-300x175.jpg 300w, https:\/\/www.solarispower.com\/wp-content\/uploads\/2024\/10\/yard-lobster-1024x597.jpg 1024w, https:\/\/www.solarispower.com\/wp-content\/uploads\/2024\/10\/yard-lobster-768x448.jpg 768w\" sizes=\"(max-width: 1200px) 100vw, 1200px\" \/>\t\t\t\t\t\t\t\t\t\t\t\t\t\t\t<\/div>\n\t\t\t\t<\/div>\n\t\t\t\t<\/div>\n\t\t<div class=\"elementor-element elementor-element-57d1702 e-con-full e-flex elementor-invisible e-con e-child\" data-id=\"57d1702\" data-element_type=\"container\" data-e-type=\"container\" data-settings=\"{&quot;background_background&quot;:&quot;classic&quot;,&quot;animation&quot;:&quot;fadeInRight&quot;,&quot;animation_delay&quot;:1000}\">\n\t\t\t\t<div class=\"elementor-element elementor-element-c9c8374 elementor-widget elementor-widget-heading\" data-id=\"c9c8374\" data-element_type=\"widget\" data-e-type=\"widget\" data-widget_type=\"heading.default\">\n\t\t\t\t<div class=\"elementor-widget-container\">\n\t\t\t\t\t<h2 class=\"elementor-heading-title elementor-size-default\">LA TRADITION LOBSTER<\/h2>\t\t\t\t<\/div>\n\t\t\t\t<\/div>\n\t\t\t\t<div class=\"elementor-element elementor-element-bde59fa elementor-widget elementor-widget-text-editor\" data-id=\"bde59fa\" data-element_type=\"widget\" data-e-type=\"widget\" data-widget_type=\"text-editor.default\">\n\t\t\t\t<div class=\"elementor-widget-container\">\n\t\t\t\t\t\t\t\t\t<p>Le chantier Solaris a \u00e9t\u00e9 l&rsquo;un des premiers en Europe \u00e0 produire un lobster yacht, le 47 pieds Express Cruiser, de Bruce King, cr\u00e9ateur de la c\u00e9l\u00e8bre s\u00e9rie am\u00e9ricaine Hinckley.<\/p>\t\t\t\t\t\t\t\t<\/div>\n\t\t\t\t<\/div>\n\t\t\t\t<\/div>\n\t\t\t\t\t<\/div>\n\t\t\t\t<\/div>\n\t\t<div class=\"elementor-element elementor-element-2d9cf45 e-flex e-con-boxed e-con e-parent\" data-id=\"2d9cf45\" data-element_type=\"container\" data-e-type=\"container\" data-settings=\"{&quot;background_background&quot;:&quot;classic&quot;}\">\n\t\t\t\t\t<div class=\"e-con-inner\">\n\t\t<div class=\"elementor-element elementor-element-89a063b e-con-full e-flex elementor-invisible e-con e-child\" data-id=\"89a063b\" data-element_type=\"container\" data-e-type=\"container\" data-settings=\"{&quot;background_background&quot;:&quot;classic&quot;,&quot;animation&quot;:&quot;fadeInLeft&quot;,&quot;animation_delay&quot;:1000}\">\n\t\t\t\t<div class=\"elementor-element elementor-element-b7a1770 elementor-widget__width-initial elementor-widget elementor-widget-heading\" data-id=\"b7a1770\" data-element_type=\"widget\" data-e-type=\"widget\" data-widget_type=\"heading.default\">\n\t\t\t\t<div class=\"elementor-widget-container\">\n\t\t\t\t\t<h2 class=\"elementor-heading-title elementor-size-default\">FINITIONS ARTISANALES<\/h2>\t\t\t\t<\/div>\n\t\t\t\t<\/div>\n\t\t\t\t<div class=\"elementor-element elementor-element-86558c7 elementor-widget elementor-widget-text-editor\" data-id=\"86558c7\" data-element_type=\"widget\" data-e-type=\"widget\" data-widget_type=\"text-editor.default\">\n\t\t\t\t<div class=\"elementor-widget-container\">\n\t\t\t\t\t\t\t\t\t<p>De nos jours, Il ne reste que peu de chantiers navals qui peuvent pretendre utiliser une technologie de pointe avec un savoir- faire traditionnel, un soucis des d\u00e9tails et des finitions comme le fait Solaris Yachts.<\/p>\t\t\t\t\t\t\t\t<\/div>\n\t\t\t\t<\/div>\n\t\t\t\t<\/div>\n\t\t<div class=\"elementor-element elementor-element-c473ec9 e-con-full e-flex elementor-invisible e-con e-child\" data-id=\"c473ec9\" data-element_type=\"container\" data-e-type=\"container\" data-settings=\"{&quot;background_background&quot;:&quot;classic&quot;,&quot;animation&quot;:&quot;fadeInRight&quot;}\">\n\t\t\t\t<div class=\"elementor-element elementor-element-364b7fe elementor-widget elementor-widget-image\" data-id=\"364b7fe\" data-element_type=\"widget\" data-e-type=\"widget\" data-widget_type=\"image.default\">\n\t\t\t\t<div class=\"elementor-widget-container\">\n\t\t\t\t\t\t\t\t\t\t\t\t\t\t\t<img decoding=\"async\" width=\"650\" height=\"400\" src=\"https:\/\/www.solarispower.com\/wp-content\/uploads\/2023\/08\/yard-craftmanship.jpeg\" class=\"attachment-full size-full wp-image-3591\" alt=\"\" srcset=\"https:\/\/www.solarispower.com\/wp-content\/uploads\/2023\/08\/yard-craftmanship.jpeg 650w, https:\/\/www.solarispower.com\/wp-content\/uploads\/2023\/08\/yard-craftmanship-300x185.jpeg 300w\" sizes=\"(max-width: 650px) 100vw, 650px\" \/>\t\t\t\t\t\t\t\t\t\t\t\t\t\t\t<\/div>\n\t\t\t\t<\/div>\n\t\t\t\t<\/div>\n\t\t\t\t\t<\/div>\n\t\t\t\t<\/div>\n\t\t<div class=\"elementor-element elementor-element-c1c837b e-flex e-con-boxed e-con e-parent\" data-id=\"c1c837b\" data-element_type=\"container\" data-e-type=\"container\" data-settings=\"{&quot;background_background&quot;:&quot;classic&quot;}\">\n\t\t\t\t\t<div class=\"e-con-inner\">\n\t\t<div class=\"elementor-element elementor-element-0d96d3c e-con-full e-flex elementor-invisible e-con e-child\" data-id=\"0d96d3c\" data-element_type=\"container\" data-e-type=\"container\" data-settings=\"{&quot;background_background&quot;:&quot;classic&quot;,&quot;animation&quot;:&quot;fadeInLeft&quot;}\">\n\t\t\t\t<div class=\"elementor-element elementor-element-18ad8ba elementor-widget elementor-widget-image\" data-id=\"18ad8ba\" data-element_type=\"widget\" data-e-type=\"widget\" data-widget_type=\"image.default\">\n\t\t\t\t<div class=\"elementor-widget-container\">\n\t\t\t\t\t\t\t\t\t\t\t\t\t\t\t<img loading=\"lazy\" decoding=\"async\" width=\"650\" height=\"400\" src=\"https:\/\/www.solarispower.com\/wp-content\/uploads\/2023\/08\/yard-ocean.jpg\" class=\"attachment-full size-full wp-image-3595\" alt=\"\" srcset=\"https:\/\/www.solarispower.com\/wp-content\/uploads\/2023\/08\/yard-ocean.jpg 650w, https:\/\/www.solarispower.com\/wp-content\/uploads\/2023\/08\/yard-ocean-300x185.jpg 300w\" sizes=\"(max-width: 650px) 100vw, 650px\" \/>\t\t\t\t\t\t\t\t\t\t\t\t\t\t\t<\/div>\n\t\t\t\t<\/div>\n\t\t\t\t<\/div>\n\t\t<div class=\"elementor-element elementor-element-0f15843 e-con-full e-flex elementor-invisible e-con e-child\" data-id=\"0f15843\" data-element_type=\"container\" data-e-type=\"container\" data-settings=\"{&quot;background_background&quot;:&quot;classic&quot;,&quot;animation&quot;:&quot;fadeInRight&quot;,&quot;animation_delay&quot;:1000}\">\n\t\t\t\t<div class=\"elementor-element elementor-element-1bc6b29 elementor-widget elementor-widget-heading\" data-id=\"1bc6b29\" data-element_type=\"widget\" data-e-type=\"widget\" data-widget_type=\"heading.default\">\n\t\t\t\t<div class=\"elementor-widget-container\">\n\t\t\t\t\t<h2 class=\"elementor-heading-title elementor-size-default\">LES GRANDS NAVIGATEURS APPR\u00c9CIENT LES YACHTS SOLARIS<\/h2>\t\t\t\t<\/div>\n\t\t\t\t<\/div>\n\t\t\t\t<div class=\"elementor-element elementor-element-61bf931 elementor-widget elementor-widget-text-editor\" data-id=\"61bf931\" data-element_type=\"widget\" data-e-type=\"widget\" data-widget_type=\"text-editor.default\">\n\t\t\t\t<div class=\"elementor-widget-container\">\n\t\t\t\t\t\t\t\t\t<p>Les skippers les plus exigeants, qui naviguent jusqu&rsquo;au bout du monde et se consacrent \u00e0 la haute mer, appr\u00e9cient les voiliers Solaris pour leurs performances, leur r\u00e9sistance et leur fiabilit\u00e9 \u00e0 long terme.<\/p>\t\t\t\t\t\t\t\t<\/div>\n\t\t\t\t<\/div>\n\t\t\t\t<\/div>\n\t\t\t\t\t<\/div>\n\t\t\t\t<\/div>\n\t\t<div class=\"elementor-element elementor-element-f710ee3 e-flex e-con-boxed e-con e-parent\" data-id=\"f710ee3\" data-element_type=\"container\" data-e-type=\"container\" data-settings=\"{&quot;background_background&quot;:&quot;classic&quot;}\">\n\t\t\t\t\t<div class=\"e-con-inner\">\n\t\t\t\t<div class=\"elementor-element elementor-element-41a70ac elementor-widget__width-inherit elementor-widget elementor-widget-heading\" data-id=\"41a70ac\" data-element_type=\"widget\" data-e-type=\"widget\" data-widget_type=\"heading.default\">\n\t\t\t\t<div class=\"elementor-widget-container\">\n\t\t\t\t\t<h2 class=\"elementor-heading-title elementor-size-default\">Solaris shipyards<\/h2>\t\t\t\t<\/div>\n\t\t\t\t<\/div>\n\t\t\t\t<div class=\"elementor-element elementor-element-11c99ff elementor-widget elementor-widget-global elementor-global-13643 elementor-widget-spacer\" data-id=\"11c99ff\" data-element_type=\"widget\" data-e-type=\"widget\" data-widget_type=\"spacer.default\">\n\t\t\t\t<div class=\"elementor-widget-container\">\n\t\t\t\t\t\t\t<div class=\"elementor-spacer\">\n\t\t\t<div class=\"elementor-spacer-inner\"><\/div>\n\t\t<\/div>\n\t\t\t\t\t\t<\/div>\n\t\t\t\t<\/div>\n\t\t<div class=\"elementor-element elementor-element-fd9ecdb e-con-full e-flex elementor-invisible e-con e-child\" data-id=\"fd9ecdb\" data-element_type=\"container\" data-e-type=\"container\" data-settings=\"{&quot;background_background&quot;:&quot;classic&quot;,&quot;animation&quot;:&quot;fadeInLeft&quot;,&quot;animation_delay&quot;:1000}\">\n\t\t\t\t<div class=\"elementor-element elementor-element-1452874 elementor-widget elementor-widget-image\" data-id=\"1452874\" data-element_type=\"widget\" data-e-type=\"widget\" data-widget_type=\"image.default\">\n\t\t\t\t<div class=\"elementor-widget-container\">\n\t\t\t\t\t\t\t\t\t\t\t\t\t\t\t<img loading=\"lazy\" decoding=\"async\" width=\"1200\" height=\"800\" src=\"https:\/\/www.solarispower.com\/wp-content\/uploads\/2025\/05\/yard-forli.jpg\" class=\"attachment-full size-full wp-image-24098\" alt=\"\" srcset=\"https:\/\/www.solarispower.com\/wp-content\/uploads\/2025\/05\/yard-forli.jpg 1200w, https:\/\/www.solarispower.com\/wp-content\/uploads\/2025\/05\/yard-forli-300x200.jpg 300w, https:\/\/www.solarispower.com\/wp-content\/uploads\/2025\/05\/yard-forli-1024x683.jpg 1024w, https:\/\/www.solarispower.com\/wp-content\/uploads\/2025\/05\/yard-forli-768x512.jpg 768w\" sizes=\"(max-width: 1200px) 100vw, 1200px\" \/>\t\t\t\t\t\t\t\t\t\t\t\t\t\t\t<\/div>\n\t\t\t\t<\/div>\n\t\t\t\t<div class=\"elementor-element elementor-element-cdc7c5d elementor-widget__width-inherit elementor-widget elementor-widget-heading\" data-id=\"cdc7c5d\" data-element_type=\"widget\" data-e-type=\"widget\" data-widget_type=\"heading.default\">\n\t\t\t\t<div class=\"elementor-widget-container\">\n\t\t\t\t\t<h2 class=\"elementor-heading-title elementor-size-default\">The power boat yard in Forl\u00ec<\/h2>\t\t\t\t<\/div>\n\t\t\t\t<\/div>\n\t\t\t\t<div class=\"elementor-element elementor-element-eda902a elementor-widget elementor-widget-text-editor\" data-id=\"eda902a\" data-element_type=\"widget\" data-e-type=\"widget\" data-widget_type=\"text-editor.default\">\n\t\t\t\t<div class=\"elementor-widget-container\">\n\t\t\t\t\t\t\t\t\t<p>A new, state-of-the-art facility located in one of the most important powerboat production districts in the world, home to several of the leading powerboat yards worldwide. The facility is fully equipped with the latest production systems and technologies, and it is fully sustainable thanks to the green energy generated by photovoltaic systems installed on its roofs. <\/p>\t\t\t\t\t\t\t\t<\/div>\n\t\t\t\t<\/div>\n\t\t\t\t<\/div>\n\t\t<div class=\"elementor-element elementor-element-315fa3b e-con-full e-flex elementor-invisible e-con e-child\" data-id=\"315fa3b\" data-element_type=\"container\" data-e-type=\"container\" data-settings=\"{&quot;background_background&quot;:&quot;classic&quot;,&quot;animation&quot;:&quot;fadeInRight&quot;,&quot;animation_delay&quot;:1000}\">\n\t\t\t\t<div class=\"elementor-element elementor-element-5d4dfcd elementor-widget elementor-widget-image\" data-id=\"5d4dfcd\" data-element_type=\"widget\" data-e-type=\"widget\" data-widget_type=\"image.default\">\n\t\t\t\t<div class=\"elementor-widget-container\">\n\t\t\t\t\t\t\t\t\t\t\t\t\t\t\t<img loading=\"lazy\" decoding=\"async\" width=\"1200\" height=\"800\" src=\"https:\/\/www.solarispower.com\/wp-content\/uploads\/2025\/05\/yard-aquileia.jpg\" class=\"attachment-full size-full wp-image-24103\" alt=\"\" srcset=\"https:\/\/www.solarispower.com\/wp-content\/uploads\/2025\/05\/yard-aquileia.jpg 1200w, https:\/\/www.solarispower.com\/wp-content\/uploads\/2025\/05\/yard-aquileia-300x200.jpg 300w, https:\/\/www.solarispower.com\/wp-content\/uploads\/2025\/05\/yard-aquileia-1024x683.jpg 1024w, https:\/\/www.solarispower.com\/wp-content\/uploads\/2025\/05\/yard-aquileia-768x512.jpg 768w\" sizes=\"(max-width: 1200px) 100vw, 1200px\" \/>\t\t\t\t\t\t\t\t\t\t\t\t\t\t\t<\/div>\n\t\t\t\t<\/div>\n\t\t\t\t<div class=\"elementor-element elementor-element-e890cf0 elementor-widget__width-inherit elementor-widget elementor-widget-heading\" data-id=\"e890cf0\" data-element_type=\"widget\" data-e-type=\"widget\" data-widget_type=\"heading.default\">\n\t\t\t\t<div class=\"elementor-widget-container\">\n\t\t\t\t\t<h2 class=\"elementor-heading-title elementor-size-default\">The sailing boat yard in Aquileia<\/h2>\t\t\t\t<\/div>\n\t\t\t\t<\/div>\n\t\t\t\t<div class=\"elementor-element elementor-element-584d3fd elementor-widget elementor-widget-text-editor\" data-id=\"584d3fd\" data-element_type=\"widget\" data-e-type=\"widget\" data-widget_type=\"text-editor.default\">\n\t\t\t\t<div class=\"elementor-widget-container\">\n\t\t\t\t\t\t\t\t\t<p>Located in a prime position of Venetian Lagoon, with direct access to the sea, it allows for sea trials to refine every design solution before production begins &#8211; thanks also to a team of craftsmen with extensive, hands-on sailing experience.<\/p>\t\t\t\t\t\t\t\t<\/div>\n\t\t\t\t<\/div>\n\t\t\t\t<\/div>\n\t\t\t\t\t<\/div>\n\t\t\t\t<\/div>\n\t\t\t\t<\/div>\n\t\t","protected":false},"excerpt":{"rendered":"<p>Yachting Excellence Depuis 1974 Chantier Solarisdepuis 1974 qualit\u00e9, navigabilit\u00e9 et \u00e9l\u00e9gance La r\u00e9putation du chantier naval est davantage connue des marins allemands, suisses et autrichiensqu\u2019en Italie.Depuis sa cr\u00e9ation, la philosophie de l\u2019entreprise a toujours \u00e9t\u00e9 de construire des voiliers solides et s\u00fbrs, avec les plus hauts standards de qualit\u00e9, capables de d\u00e9fier les prestigieux constructeurs [&hellip;]<\/p>\n","protected":false},"author":1,"featured_media":0,"parent":0,"menu_order":0,"comment_status":"closed","ping_status":"closed","template":"","meta":{"footnotes":""},"class_list":["post-6347","page","type-page","status-publish","hentry"],"_links":{"self":[{"href":"https:\/\/www.solarispower.com\/fr\/wp-json\/wp\/v2\/pages\/6347","targetHints":{"allow":["GET"]}}],"collection":[{"href":"https:\/\/www.solarispower.com\/fr\/wp-json\/wp\/v2\/pages"}],"about":[{"href":"https:\/\/www.solarispower.com\/fr\/wp-json\/wp\/v2\/types\/page"}],"author":[{"embeddable":true,"href":"https:\/\/www.solarispower.com\/fr\/wp-json\/wp\/v2\/users\/1"}],"replies":[{"embeddable":true,"href":"https:\/\/www.solarispower.com\/fr\/wp-json\/wp\/v2\/comments?post=6347"}],"version-history":[{"count":29,"href":"https:\/\/www.solarispower.com\/fr\/wp-json\/wp\/v2\/pages\/6347\/revisions"}],"predecessor-version":[{"id":24143,"href":"https:\/\/www.solarispower.com\/fr\/wp-json\/wp\/v2\/pages\/6347\/revisions\/24143"}],"wp:attachment":[{"href":"https:\/\/www.solarispower.com\/fr\/wp-json\/wp\/v2\/media?parent=6347"}],"curies":[{"name":"wp","href":"https:\/\/api.w.org\/{rel}","templated":true}]}}