{"id":6679,"date":"2023-09-08T09:56:54","date_gmt":"2023-09-08T09:56:54","guid":{"rendered":"http:\/\/solarispower.com\/imprint\/"},"modified":"2023-09-08T17:21:28","modified_gmt":"2023-09-08T17:21:28","slug":"imprint","status":"publish","type":"page","link":"https:\/\/www.solarispower.com\/fr\/imprint","title":{"rendered":"Imprint"},"content":{"rendered":"\n<!-- Legal document generated by Complianz | GDPR\/CCPA Cookie Consent https:\/\/wordpress.org\/plugins\/complianz-gdpr -->\n<div id=\"cmplz-document\" class=\"cmplz-document impressum cmplz-document-all\"><p><i>Cette imprint a \u00e9t\u00e9 mise \u00e0 jour pour la derni\u00e8re fois le 14 mai 2025.<\/i><\/p><p class=\"cmplz-subtitle\">Le propri\u00e9taire de ce site web est\u00a0:<\/p><p>Solaris Power Srl SRL<br>Via Antonio Masetti, 30<br \/>\r\n47122 Forl\u00ec FC<br>Italie<br>E-mail\u00a0:&nbsp;<span class=\"cmplz-obfuscate\">in&#102;&#111;@<span class=\"cmplz-fmail-domain\">&#101;&#120;.c&#111;m<\/span>&#115;o&#108;a&#114;i&#115;&#112;&#111;&#119;&#101;&#114;.&#099;&#111;m<\/span><br>Num\u00e9ro de t\u00e9l\u00e9phone\u00a0: \u202d+39 0543 807062\u202c<br>ID TVA\u00a0:&nbsp;03733090405<\/p><p class=\"cmplz-subtitle\">Le(s) repr\u00e9sentant(s) l\u00e9gal(aux) de Solaris Power Srl SRL\u00a0:<\/p><p>Enrico Mengozzi<\/p><h2>1. G\u00e9n\u00e9ral<\/h2><p class=\"cmplz-subtitle\">1.1 Nous sommes enregistr\u00e9s chez Chamber of Commerce sous le num\u00e9ro de licence ou d\u2019enregistrement\u00a0:<\/p><p><\/p><p>Nous ne sommes ni dispos\u00e9s ni oblig\u00e9s de participer \u00e0 des proc\u00e9dures de r\u00e8glement des litiges devant une commission d\u2019arbitrage des consommateurs.<\/p><\/div>\n","protected":false},"excerpt":{"rendered":"","protected":false},"author":1,"featured_media":0,"parent":0,"menu_order":0,"comment_status":"closed","ping_status":"closed","template":"","meta":{"footnotes":""},"class_list":["post-6679","page","type-page","status-publish","hentry"],"_links":{"self":[{"href":"https:\/\/www.solarispower.com\/fr\/wp-json\/wp\/v2\/pages\/6679","targetHints":{"allow":["GET"]}}],"collection":[{"href":"https:\/\/www.solarispower.com\/fr\/wp-json\/wp\/v2\/pages"}],"about":[{"href":"https:\/\/www.solarispower.com\/fr\/wp-json\/wp\/v2\/types\/page"}],"author":[{"embeddable":true,"href":"https:\/\/www.solarispower.com\/fr\/wp-json\/wp\/v2\/users\/1"}],"replies":[{"embeddable":true,"href":"https:\/\/www.solarispower.com\/fr\/wp-json\/wp\/v2\/comments?post=6679"}],"version-history":[{"count":0,"href":"https:\/\/www.solarispower.com\/fr\/wp-json\/wp\/v2\/pages\/6679\/revisions"}],"wp:attachment":[{"href":"https:\/\/www.solarispower.com\/fr\/wp-json\/wp\/v2\/media?parent=6679"}],"curies":[{"name":"wp","href":"https:\/\/api.w.org\/{rel}","templated":true}]}}