{"id":6358,"date":"2023-08-21T17:11:48","date_gmt":"2023-08-21T17:11:48","guid":{"rendered":"http:\/\/solarispower.com\/cantiere\/"},"modified":"2025-05-27T10:47:39","modified_gmt":"2025-05-27T10:47:39","slug":"cantiere","status":"publish","type":"page","link":"https:\/\/www.solarispower.com\/it\/cantiere","title":{"rendered":"Cantiere"},"content":{"rendered":"\t\t<div data-elementor-type=\"wp-page\" data-elementor-id=\"6358\" class=\"elementor elementor-6358 elementor-33\" data-elementor-post-type=\"page\">\n\t\t\t\t<div class=\"elementor-element elementor-element-599b43d e-con-full e-flex e-con e-parent\" data-id=\"599b43d\" data-element_type=\"container\" data-e-type=\"container\" data-settings=\"{&quot;background_background&quot;:&quot;classic&quot;}\">\n\t\t\t\t<div class=\"elementor-element elementor-element-57a68ba elementor-widget elementor-widget-heading\" data-id=\"57a68ba\" data-element_type=\"widget\" data-e-type=\"widget\" data-widget_type=\"heading.default\">\n\t\t\t\t<div class=\"elementor-widget-container\">\n\t\t\t\t\t<h2 class=\"elementor-heading-title elementor-size-default\">Eccellenza nautica<\/h2>\t\t\t\t<\/div>\n\t\t\t\t<\/div>\n\t\t\t\t<div class=\"elementor-element elementor-element-dc2eb00 elementor-widget elementor-widget-heading\" data-id=\"dc2eb00\" data-element_type=\"widget\" data-e-type=\"widget\" data-widget_type=\"heading.default\">\n\t\t\t\t<div class=\"elementor-widget-container\">\n\t\t\t\t\t<h2 class=\"elementor-heading-title elementor-size-default\">Dal 1974<\/h2>\t\t\t\t<\/div>\n\t\t\t\t<\/div>\n\t\t\t\t<\/div>\n\t\t<div class=\"elementor-element elementor-element-1680cb1 e-flex e-con-boxed e-con e-parent\" data-id=\"1680cb1\" data-element_type=\"container\" data-e-type=\"container\" data-settings=\"{&quot;background_background&quot;:&quot;classic&quot;}\">\n\t\t\t\t\t<div class=\"e-con-inner\">\n\t\t\t\t<div class=\"elementor-element elementor-element-7c405ef elementor-widget__width-initial elementor-widget elementor-widget-heading\" data-id=\"7c405ef\" data-element_type=\"widget\" data-e-type=\"widget\" data-widget_type=\"heading.default\">\n\t\t\t\t<div class=\"elementor-widget-container\">\n\t\t\t\t\t<h2 class=\"elementor-heading-title elementor-size-default\">Cantiere Solaris<br>dal 1974 qualit\u00e0, marinit\u00e0 ed eleganza<\/h2>\t\t\t\t<\/div>\n\t\t\t\t<\/div>\n\t\t\t\t\t<\/div>\n\t\t\t\t<\/div>\n\t\t<div class=\"elementor-element elementor-element-2559245 e-flex e-con-boxed e-con e-parent\" data-id=\"2559245\" data-element_type=\"container\" data-e-type=\"container\" data-settings=\"{&quot;background_background&quot;:&quot;classic&quot;}\">\n\t\t\t\t\t<div class=\"e-con-inner\">\n\t\t<div class=\"elementor-element elementor-element-965a25b e-con-full e-flex elementor-invisible e-con e-child\" data-id=\"965a25b\" data-element_type=\"container\" data-e-type=\"container\" data-settings=\"{&quot;background_background&quot;:&quot;classic&quot;,&quot;animation&quot;:&quot;fadeInLeft&quot;,&quot;animation_delay&quot;:1000}\">\n\t\t\t\t<div class=\"elementor-element elementor-element-fafb409 elementor-widget elementor-widget-text-editor\" data-id=\"fafb409\" data-element_type=\"widget\" data-e-type=\"widget\" data-widget_type=\"text-editor.default\">\n\t\t\t\t<div class=\"elementor-widget-container\">\n\t\t\t\t\t\t\t\t\t<p>Il cantiere nautico Solaris, fondato ad Aquileia oltre 50 anni fa, \u00e8 ben pi\u00f9 conosciuto tra gli armatori svizzeri, tedeschi e austriaci che tra quelli italiani.<br>Da sempre la filosofia del cantiere \u00e8 realizzare imbarcazioni a vela marine, solide e sicure con un profilo qualitativo elevatissimo, al punto da contendere il primato ai blasonati cantieri scandinavi. Non a caso, il motto del cantiere \u00e8: \u201cPer chi naviga\u201d.<\/p><p><span style=\"color: var( --e-global-color-text ); font-family: var( --e-global-typography-text-font-family ), Sans-serif; font-size: var( --e-global-typography-text-font-size ); font-weight: var( --e-global-typography-text-font-weight ); background-color: var( --e-global-color-primary );\">Oggi Solaris \u00e8 leader europeo negli yacht a vela di qualit\u00e0, di da 50&#8242; a 110&#8242;.&nbsp;<\/span><span style=\"color: var( --e-global-color-text ); font-family: var( --e-global-typography-text-font-family ), Sans-serif; font-size: var( --e-global-typography-text-font-size ); font-weight: var( --e-global-typography-text-font-weight ); background-color: var( --e-global-color-primary );\">Gi\u00e0 dal 2008, Solaris \u00e8 attivo nella produzione di yachts a motore da 47 a 100 piedi per uno dei marchi pi\u00f9 prestigiosi al mondo per il quale sono state realizzate, tra le altre, 5 navette da 90 piedi. Oggi tutte le qualit\u00e0 che da sempre distinguono i Solaris a vela diventano caratteristiche prioritarie della nuova gamma a motore Solaris Power.<\/span><\/p>\t\t\t\t\t\t\t\t<\/div>\n\t\t\t\t<\/div>\n\t\t\t\t<\/div>\n\t\t<div class=\"elementor-element elementor-element-e773d31 e-con-full e-flex elementor-invisible e-con e-child\" data-id=\"e773d31\" data-element_type=\"container\" data-e-type=\"container\" data-settings=\"{&quot;background_background&quot;:&quot;classic&quot;,&quot;animation&quot;:&quot;fadeInRight&quot;}\">\n\t\t\t\t<div class=\"elementor-element elementor-element-e98f21e elementor-widget elementor-widget-image\" data-id=\"e98f21e\" data-element_type=\"widget\" data-e-type=\"widget\" data-widget_type=\"image.default\">\n\t\t\t\t<div class=\"elementor-widget-container\">\n\t\t\t\t\t\t\t\t\t\t\t\t\t\t\t<img fetchpriority=\"high\" decoding=\"async\" width=\"1080\" height=\"960\" src=\"https:\/\/www.solarispower.com\/wp-content\/uploads\/2023\/08\/yard-01.jpg\" class=\"attachment-full size-full wp-image-3577\" alt=\"\" srcset=\"https:\/\/www.solarispower.com\/wp-content\/uploads\/2023\/08\/yard-01.jpg 1080w, https:\/\/www.solarispower.com\/wp-content\/uploads\/2023\/08\/yard-01-300x267.jpg 300w, https:\/\/www.solarispower.com\/wp-content\/uploads\/2023\/08\/yard-01-1024x910.jpg 1024w, https:\/\/www.solarispower.com\/wp-content\/uploads\/2023\/08\/yard-01-768x683.jpg 768w\" sizes=\"(max-width: 1080px) 100vw, 1080px\" \/>\t\t\t\t\t\t\t\t\t\t\t\t\t\t\t<\/div>\n\t\t\t\t<\/div>\n\t\t\t\t<\/div>\n\t\t\t\t\t<\/div>\n\t\t\t\t<\/div>\n\t\t<div class=\"elementor-element elementor-element-da2f882 e-flex e-con-boxed e-con e-parent\" data-id=\"da2f882\" data-element_type=\"container\" data-e-type=\"container\" data-settings=\"{&quot;background_background&quot;:&quot;classic&quot;}\">\n\t\t\t\t\t<div class=\"e-con-inner\">\n\t\t<div class=\"elementor-element elementor-element-b9bcd01 e-con-full e-flex elementor-invisible e-con e-child\" data-id=\"b9bcd01\" data-element_type=\"container\" data-e-type=\"container\" data-settings=\"{&quot;background_background&quot;:&quot;classic&quot;,&quot;animation&quot;:&quot;fadeInLeft&quot;}\">\n\t\t\t\t<div class=\"elementor-element elementor-element-fbefc93 elementor-widget elementor-widget-image\" data-id=\"fbefc93\" data-element_type=\"widget\" data-e-type=\"widget\" data-widget_type=\"image.default\">\n\t\t\t\t<div class=\"elementor-widget-container\">\n\t\t\t\t\t\t\t\t\t\t\t\t\t\t\t<img decoding=\"async\" width=\"1200\" height=\"700\" src=\"https:\/\/www.solarispower.com\/wp-content\/uploads\/2024\/10\/yard-lobster.jpg\" class=\"attachment-full size-full wp-image-20974\" alt=\"\" srcset=\"https:\/\/www.solarispower.com\/wp-content\/uploads\/2024\/10\/yard-lobster.jpg 1200w, https:\/\/www.solarispower.com\/wp-content\/uploads\/2024\/10\/yard-lobster-300x175.jpg 300w, https:\/\/www.solarispower.com\/wp-content\/uploads\/2024\/10\/yard-lobster-1024x597.jpg 1024w, https:\/\/www.solarispower.com\/wp-content\/uploads\/2024\/10\/yard-lobster-768x448.jpg 768w\" sizes=\"(max-width: 1200px) 100vw, 1200px\" \/>\t\t\t\t\t\t\t\t\t\t\t\t\t\t\t<\/div>\n\t\t\t\t<\/div>\n\t\t\t\t<\/div>\n\t\t<div class=\"elementor-element elementor-element-57d1702 e-con-full e-flex elementor-invisible e-con e-child\" data-id=\"57d1702\" data-element_type=\"container\" data-e-type=\"container\" data-settings=\"{&quot;background_background&quot;:&quot;classic&quot;,&quot;animation&quot;:&quot;fadeInRight&quot;,&quot;animation_delay&quot;:1000}\">\n\t\t\t\t<div class=\"elementor-element elementor-element-c9c8374 elementor-widget elementor-widget-heading\" data-id=\"c9c8374\" data-element_type=\"widget\" data-e-type=\"widget\" data-widget_type=\"heading.default\">\n\t\t\t\t<div class=\"elementor-widget-container\">\n\t\t\t\t\t<h2 class=\"elementor-heading-title elementor-size-default\">LA TRADIZIONE LOBSTER<\/h2>\t\t\t\t<\/div>\n\t\t\t\t<\/div>\n\t\t\t\t<div class=\"elementor-element elementor-element-bde59fa elementor-widget elementor-widget-text-editor\" data-id=\"bde59fa\" data-element_type=\"widget\" data-e-type=\"widget\" data-widget_type=\"text-editor.default\">\n\t\t\t\t<div class=\"elementor-widget-container\">\n\t\t\t\t\t\t\t\t\t<p>Il cantiere Solaris \u00e8 stato tra i primi in Europa a produrre imbarcazioni lobster tra cui il 47 Express Cruiser, progettato da Bruce King, padre delle famose Hinckley americane.<\/p>\t\t\t\t\t\t\t\t<\/div>\n\t\t\t\t<\/div>\n\t\t\t\t<\/div>\n\t\t\t\t\t<\/div>\n\t\t\t\t<\/div>\n\t\t<div class=\"elementor-element elementor-element-2d9cf45 e-flex e-con-boxed e-con e-parent\" data-id=\"2d9cf45\" data-element_type=\"container\" data-e-type=\"container\" data-settings=\"{&quot;background_background&quot;:&quot;classic&quot;}\">\n\t\t\t\t\t<div class=\"e-con-inner\">\n\t\t<div class=\"elementor-element elementor-element-89a063b e-con-full e-flex elementor-invisible e-con e-child\" data-id=\"89a063b\" data-element_type=\"container\" data-e-type=\"container\" data-settings=\"{&quot;background_background&quot;:&quot;classic&quot;,&quot;animation&quot;:&quot;fadeInLeft&quot;,&quot;animation_delay&quot;:1000}\">\n\t\t\t\t<div class=\"elementor-element elementor-element-b7a1770 elementor-widget__width-initial elementor-widget elementor-widget-heading\" data-id=\"b7a1770\" data-element_type=\"widget\" data-e-type=\"widget\" data-widget_type=\"heading.default\">\n\t\t\t\t<div class=\"elementor-widget-container\">\n\t\t\t\t\t<h2 class=\"elementor-heading-title elementor-size-default\">FINITURE ARTIGIANALI<\/h2>\t\t\t\t<\/div>\n\t\t\t\t<\/div>\n\t\t\t\t<div class=\"elementor-element elementor-element-86558c7 elementor-widget elementor-widget-text-editor\" data-id=\"86558c7\" data-element_type=\"widget\" data-e-type=\"widget\" data-widget_type=\"text-editor.default\">\n\t\t\t\t<div class=\"elementor-widget-container\">\n\t\t\t\t\t\t\t\t\t<p>Solaris \u00e8 uno dei pochi cantieri al mondo ancora in grado di coniugare tecnologia costruttiva d\u2019avanguardia alla tradizionale cura artigianale delle finiture e dei dettagli.<\/p>\t\t\t\t\t\t\t\t<\/div>\n\t\t\t\t<\/div>\n\t\t\t\t<\/div>\n\t\t<div class=\"elementor-element elementor-element-c473ec9 e-con-full e-flex elementor-invisible e-con e-child\" data-id=\"c473ec9\" data-element_type=\"container\" data-e-type=\"container\" data-settings=\"{&quot;background_background&quot;:&quot;classic&quot;,&quot;animation&quot;:&quot;fadeInRight&quot;}\">\n\t\t\t\t<div class=\"elementor-element elementor-element-364b7fe elementor-widget elementor-widget-image\" data-id=\"364b7fe\" data-element_type=\"widget\" data-e-type=\"widget\" data-widget_type=\"image.default\">\n\t\t\t\t<div class=\"elementor-widget-container\">\n\t\t\t\t\t\t\t\t\t\t\t\t\t\t\t<img decoding=\"async\" width=\"650\" height=\"400\" src=\"https:\/\/www.solarispower.com\/wp-content\/uploads\/2023\/08\/yard-craftmanship.jpeg\" class=\"attachment-full size-full wp-image-3593\" alt=\"\" srcset=\"https:\/\/www.solarispower.com\/wp-content\/uploads\/2023\/08\/yard-craftmanship.jpeg 650w, https:\/\/www.solarispower.com\/wp-content\/uploads\/2023\/08\/yard-craftmanship-300x185.jpeg 300w\" sizes=\"(max-width: 650px) 100vw, 650px\" \/>\t\t\t\t\t\t\t\t\t\t\t\t\t\t\t<\/div>\n\t\t\t\t<\/div>\n\t\t\t\t<\/div>\n\t\t\t\t\t<\/div>\n\t\t\t\t<\/div>\n\t\t<div class=\"elementor-element elementor-element-c1c837b e-flex e-con-boxed e-con e-parent\" data-id=\"c1c837b\" data-element_type=\"container\" data-e-type=\"container\" data-settings=\"{&quot;background_background&quot;:&quot;classic&quot;}\">\n\t\t\t\t\t<div class=\"e-con-inner\">\n\t\t<div class=\"elementor-element elementor-element-0d96d3c e-con-full e-flex elementor-invisible e-con e-child\" data-id=\"0d96d3c\" data-element_type=\"container\" data-e-type=\"container\" data-settings=\"{&quot;background_background&quot;:&quot;classic&quot;,&quot;animation&quot;:&quot;fadeInLeft&quot;}\">\n\t\t\t\t<div class=\"elementor-element elementor-element-18ad8ba elementor-widget elementor-widget-image\" data-id=\"18ad8ba\" data-element_type=\"widget\" data-e-type=\"widget\" data-widget_type=\"image.default\">\n\t\t\t\t<div class=\"elementor-widget-container\">\n\t\t\t\t\t\t\t\t\t\t\t\t\t\t\t<img loading=\"lazy\" decoding=\"async\" width=\"650\" height=\"400\" src=\"https:\/\/www.solarispower.com\/wp-content\/uploads\/2023\/08\/yard-ocean.jpg\" class=\"attachment-full size-full wp-image-3597\" alt=\"\" srcset=\"https:\/\/www.solarispower.com\/wp-content\/uploads\/2023\/08\/yard-ocean.jpg 650w, https:\/\/www.solarispower.com\/wp-content\/uploads\/2023\/08\/yard-ocean-300x185.jpg 300w\" sizes=\"(max-width: 650px) 100vw, 650px\" \/>\t\t\t\t\t\t\t\t\t\t\t\t\t\t\t<\/div>\n\t\t\t\t<\/div>\n\t\t\t\t<\/div>\n\t\t<div class=\"elementor-element elementor-element-0f15843 e-con-full e-flex elementor-invisible e-con e-child\" data-id=\"0f15843\" data-element_type=\"container\" data-e-type=\"container\" data-settings=\"{&quot;background_background&quot;:&quot;classic&quot;,&quot;animation&quot;:&quot;fadeInRight&quot;,&quot;animation_delay&quot;:1000}\">\n\t\t\t\t<div class=\"elementor-element elementor-element-1bc6b29 elementor-widget elementor-widget-heading\" data-id=\"1bc6b29\" data-element_type=\"widget\" data-e-type=\"widget\" data-widget_type=\"heading.default\">\n\t\t\t\t<div class=\"elementor-widget-container\">\n\t\t\t\t\t<h2 class=\"elementor-heading-title elementor-size-default\">CHI NAVIGA NEGLI OCEANI APPREZZA SOLARIS<\/h2>\t\t\t\t<\/div>\n\t\t\t\t<\/div>\n\t\t\t\t<div class=\"elementor-element elementor-element-61bf931 elementor-widget elementor-widget-text-editor\" data-id=\"61bf931\" data-element_type=\"widget\" data-e-type=\"widget\" data-widget_type=\"text-editor.default\">\n\t\t\t\t<div class=\"elementor-widget-container\">\n\t\t\t\t\t\t\t\t\t<p>Gli armatori pi\u00f9 esigenti, che esplorano le zone pi\u00f9 remote del pianeta ed affrontano le navigazioni pi\u00f9 impegnative, da sempre apprezzano le imbarcazioni Solaris per le loro caratteristiche di marinit\u00e0, robustezza e affidabilit\u00e0 nel tempo.<\/p>\t\t\t\t\t\t\t\t<\/div>\n\t\t\t\t<\/div>\n\t\t\t\t<\/div>\n\t\t\t\t\t<\/div>\n\t\t\t\t<\/div>\n\t\t<div class=\"elementor-element elementor-element-f710ee3 e-flex e-con-boxed e-con e-parent\" data-id=\"f710ee3\" data-element_type=\"container\" data-e-type=\"container\" data-settings=\"{&quot;background_background&quot;:&quot;classic&quot;}\">\n\t\t\t\t\t<div class=\"e-con-inner\">\n\t\t\t\t<div class=\"elementor-element elementor-element-41a70ac elementor-widget__width-inherit elementor-widget elementor-widget-heading\" data-id=\"41a70ac\" data-element_type=\"widget\" data-e-type=\"widget\" data-widget_type=\"heading.default\">\n\t\t\t\t<div class=\"elementor-widget-container\">\n\t\t\t\t\t<h2 class=\"elementor-heading-title elementor-size-default\">I cantieri Solaris<\/h2>\t\t\t\t<\/div>\n\t\t\t\t<\/div>\n\t\t\t\t<div class=\"elementor-element elementor-element-11c99ff elementor-widget elementor-widget-global elementor-global-13643 elementor-widget-spacer\" data-id=\"11c99ff\" data-element_type=\"widget\" data-e-type=\"widget\" data-widget_type=\"spacer.default\">\n\t\t\t\t<div class=\"elementor-widget-container\">\n\t\t\t\t\t\t\t<div class=\"elementor-spacer\">\n\t\t\t<div class=\"elementor-spacer-inner\"><\/div>\n\t\t<\/div>\n\t\t\t\t\t\t<\/div>\n\t\t\t\t<\/div>\n\t\t<div class=\"elementor-element elementor-element-fd9ecdb e-con-full e-flex elementor-invisible e-con e-child\" data-id=\"fd9ecdb\" data-element_type=\"container\" data-e-type=\"container\" data-settings=\"{&quot;background_background&quot;:&quot;classic&quot;,&quot;animation&quot;:&quot;fadeInLeft&quot;,&quot;animation_delay&quot;:1000}\">\n\t\t\t\t<div class=\"elementor-element elementor-element-1452874 elementor-widget elementor-widget-image\" data-id=\"1452874\" data-element_type=\"widget\" data-e-type=\"widget\" data-widget_type=\"image.default\">\n\t\t\t\t<div class=\"elementor-widget-container\">\n\t\t\t\t\t\t\t\t\t\t\t\t\t\t\t<img loading=\"lazy\" decoding=\"async\" width=\"1200\" height=\"800\" src=\"https:\/\/www.solarispower.com\/wp-content\/uploads\/2025\/05\/yard-forli.jpg\" class=\"attachment-full size-full wp-image-24100\" alt=\"\" srcset=\"https:\/\/www.solarispower.com\/wp-content\/uploads\/2025\/05\/yard-forli.jpg 1200w, https:\/\/www.solarispower.com\/wp-content\/uploads\/2025\/05\/yard-forli-300x200.jpg 300w, https:\/\/www.solarispower.com\/wp-content\/uploads\/2025\/05\/yard-forli-1024x683.jpg 1024w, https:\/\/www.solarispower.com\/wp-content\/uploads\/2025\/05\/yard-forli-768x512.jpg 768w\" sizes=\"(max-width: 1200px) 100vw, 1200px\" \/>\t\t\t\t\t\t\t\t\t\t\t\t\t\t\t<\/div>\n\t\t\t\t<\/div>\n\t\t\t\t<div class=\"elementor-element elementor-element-cdc7c5d elementor-widget__width-inherit elementor-widget elementor-widget-heading\" data-id=\"cdc7c5d\" data-element_type=\"widget\" data-e-type=\"widget\" data-widget_type=\"heading.default\">\n\t\t\t\t<div class=\"elementor-widget-container\">\n\t\t\t\t\t<h2 class=\"elementor-heading-title elementor-size-default\">Il cantiere delle barche a motore a Forl\u00ec<\/h2>\t\t\t\t<\/div>\n\t\t\t\t<\/div>\n\t\t\t\t<div class=\"elementor-element elementor-element-eda902a elementor-widget elementor-widget-text-editor\" data-id=\"eda902a\" data-element_type=\"widget\" data-e-type=\"widget\" data-widget_type=\"text-editor.default\">\n\t\t\t\t<div class=\"elementor-widget-container\">\n\t\t\t\t\t\t\t\t\t<p>Una nuova struttura all\u2019avanguardia, situata in uno dei distretti produttivi di imbarcazioni a motore pi\u00f9 importanti al mondo, sede di alcuni tra i cantieri pi\u00f9 rinomati a livello internazionale. Il cantiere \u00e8 completamente attrezzato con i pi\u00f9 moderni sistemi e tecnologie di produzione ed \u00e8 totalmente sostenibile grazie all\u2019energia verde generata dai sistemi fotovoltaici installati sul tetto. <\/p>\t\t\t\t\t\t\t\t<\/div>\n\t\t\t\t<\/div>\n\t\t\t\t<\/div>\n\t\t<div class=\"elementor-element elementor-element-315fa3b e-con-full e-flex elementor-invisible e-con e-child\" data-id=\"315fa3b\" data-element_type=\"container\" data-e-type=\"container\" data-settings=\"{&quot;background_background&quot;:&quot;classic&quot;,&quot;animation&quot;:&quot;fadeInRight&quot;,&quot;animation_delay&quot;:1000}\">\n\t\t\t\t<div class=\"elementor-element elementor-element-5d4dfcd elementor-widget elementor-widget-image\" data-id=\"5d4dfcd\" data-element_type=\"widget\" data-e-type=\"widget\" data-widget_type=\"image.default\">\n\t\t\t\t<div class=\"elementor-widget-container\">\n\t\t\t\t\t\t\t\t\t\t\t\t\t\t\t<img loading=\"lazy\" decoding=\"async\" width=\"1200\" height=\"800\" src=\"https:\/\/www.solarispower.com\/wp-content\/uploads\/2025\/05\/yard-aquileia.jpg\" class=\"attachment-full size-full wp-image-24105\" alt=\"\" srcset=\"https:\/\/www.solarispower.com\/wp-content\/uploads\/2025\/05\/yard-aquileia.jpg 1200w, https:\/\/www.solarispower.com\/wp-content\/uploads\/2025\/05\/yard-aquileia-300x200.jpg 300w, https:\/\/www.solarispower.com\/wp-content\/uploads\/2025\/05\/yard-aquileia-1024x683.jpg 1024w, https:\/\/www.solarispower.com\/wp-content\/uploads\/2025\/05\/yard-aquileia-768x512.jpg 768w\" sizes=\"(max-width: 1200px) 100vw, 1200px\" \/>\t\t\t\t\t\t\t\t\t\t\t\t\t\t\t<\/div>\n\t\t\t\t<\/div>\n\t\t\t\t<div class=\"elementor-element elementor-element-e890cf0 elementor-widget__width-inherit elementor-widget elementor-widget-heading\" data-id=\"e890cf0\" data-element_type=\"widget\" data-e-type=\"widget\" data-widget_type=\"heading.default\">\n\t\t\t\t<div class=\"elementor-widget-container\">\n\t\t\t\t\t<h2 class=\"elementor-heading-title elementor-size-default\">Il cantiere delle barche a vela ad Aquileia<\/h2>\t\t\t\t<\/div>\n\t\t\t\t<\/div>\n\t\t\t\t<div class=\"elementor-element elementor-element-584d3fd elementor-widget elementor-widget-text-editor\" data-id=\"584d3fd\" data-element_type=\"widget\" data-e-type=\"widget\" data-widget_type=\"text-editor.default\">\n\t\t\t\t<div class=\"elementor-widget-container\">\n\t\t\t\t\t\t\t\t\t<p>Situato in una posizione privilegiata nella Laguna di Venezia, con accesso diretto al mare, questo consente di effettuare prove in acqua per perfezionare ogni soluzione progettuale prima dell\u2019avvio della produzione \u2013 anche grazie ad un team di artigiani con una grande esperienza velica.<\/p>\t\t\t\t\t\t\t\t<\/div>\n\t\t\t\t<\/div>\n\t\t\t\t<\/div>\n\t\t\t\t\t<\/div>\n\t\t\t\t<\/div>\n\t\t\t\t<\/div>\n\t\t","protected":false},"excerpt":{"rendered":"<p>Eccellenza nautica Dal 1974 Cantiere Solarisdal 1974 qualit\u00e0, marinit\u00e0 ed eleganza Il cantiere nautico Solaris, fondato ad Aquileia oltre 50 anni fa, \u00e8 ben pi\u00f9 conosciuto tra gli armatori svizzeri, tedeschi e austriaci che tra quelli italiani.Da sempre la filosofia del cantiere \u00e8 realizzare imbarcazioni a vela marine, solide e sicure con un profilo qualitativo [&hellip;]<\/p>\n","protected":false},"author":1,"featured_media":0,"parent":0,"menu_order":0,"comment_status":"closed","ping_status":"closed","template":"","meta":{"footnotes":""},"class_list":["post-6358","page","type-page","status-publish","hentry"],"_links":{"self":[{"href":"https:\/\/www.solarispower.com\/it\/wp-json\/wp\/v2\/pages\/6358","targetHints":{"allow":["GET"]}}],"collection":[{"href":"https:\/\/www.solarispower.com\/it\/wp-json\/wp\/v2\/pages"}],"about":[{"href":"https:\/\/www.solarispower.com\/it\/wp-json\/wp\/v2\/types\/page"}],"author":[{"embeddable":true,"href":"https:\/\/www.solarispower.com\/it\/wp-json\/wp\/v2\/users\/1"}],"replies":[{"embeddable":true,"href":"https:\/\/www.solarispower.com\/it\/wp-json\/wp\/v2\/comments?post=6358"}],"version-history":[{"count":32,"href":"https:\/\/www.solarispower.com\/it\/wp-json\/wp\/v2\/pages\/6358\/revisions"}],"predecessor-version":[{"id":24145,"href":"https:\/\/www.solarispower.com\/it\/wp-json\/wp\/v2\/pages\/6358\/revisions\/24145"}],"wp:attachment":[{"href":"https:\/\/www.solarispower.com\/it\/wp-json\/wp\/v2\/media?parent=6358"}],"curies":[{"name":"wp","href":"https:\/\/api.w.org\/{rel}","templated":true}]}}